{"id":531,"date":"2020-11-16T12:06:17","date_gmt":"2020-11-16T15:06:17","guid":{"rendered":"https:\/\/aehg-laplata.org.ar\/nueva\/?page_id=531"},"modified":"2020-11-16T20:42:34","modified_gmt":"2020-11-16T23:42:34","slug":"asesoramiento","status":"publish","type":"page","link":"https:\/\/aehg-laplata.org.ar\/nueva\/asesoramiento\/","title":{"rendered":"Asesoramiento"},"content":{"rendered":"<p>[vc_row full_width=&#8221;stretch_row&#8221; css=&#8221;.vc_custom_1600781837739{background-color: #00205a !important;}&#8221;][vc_column][vc_column_text]<\/p>\n<h1 style=\"text-align: center; color: #ffffff;\">Asesoramiento<\/h1>\n<p>[\/vc_column_text][\/vc_column][\/vc_row][vc_row][vc_column][vc_column_text]<\/p>\n<p style=\"text-align: center;\">Para contactarse con nuestros asesores comunicarse por las v\u00ecas de contacto establecidas en cada secci\u00f3n, o en defecto al tel\u00e9fono (221-4259936) o por correo electr\u00f3nico a <a href=\"mailto:informacion@aehg-laplata.org.ar\">informacion@aehg-laplata.org.ar<\/a><\/p>\n<p>[\/vc_column_text][vc_tta_accordion active_section=&#8221;1&#8243; collapsible_all=&#8221;true&#8221;][vc_tta_section title=&#8221;Jur\u00eddico&#8221; tab_id=&#8221;1605310427772-40016627-d81d&#8221;][vc_column_text]<b>Dr. Mat\u00edas Barone: <\/b>Asesoramiento Jur\u00eddico Laboral<\/p>\n<p>Relaciones laborales de car\u00e1cter individual o colectivo (convenios colectivos de actividad o de empresa) .Interpretaci\u00f3n de Convenios Colectivos de Trabajo. Interpretaci\u00f3n de Convenios realizados por FEHGRA con entidades de Derechos Intelectuales.<\/p>\n<p>Contacto: <a href=\"mailto:informacion@aehg-laplata.org.ar\">informacion@aehg-laplata.org.ar<\/a><\/p>\n<p><b>Dr. Carlos Ricardo Castro:<\/b> Asesoramiento Jur\u00eddico<\/p>\n<p>Contacto: <a href=\"mailto:informacion@aehg-laplata.org.ar\">informacion@aehg-laplata.org.ar<\/a><\/p>\n<p><b>Dr. Luis Mart\u00edn Elhelou &amp; Asociados:<\/b> Estudio Jur\u00eddico en Derecho Provisional. Jubilaciones, Pensiones, Reajustes.<\/p>\n<p><b>Zona Oeste &#8211; Delegaci\u00f3n Mor\u00f3n<\/b><\/p>\n<p><b>Dra. Paola Aldana Rios<\/b>: Asesoramiento Jur\u00eddico<\/p>\n<p>Contacto: <a href=\"mailto:gerencia@aehg-laplata.org.ar\">gerencia@aehg-laplata.org.ar<\/a>[\/vc_column_text][\/vc_tta_section][vc_tta_section title=&#8221;Contable e Impositivo&#8221; tab_id=&#8221;1605310428056-42d328a0-40ae&#8221;][vc_column_text]<b>Sede social<\/b><\/p>\n<p><b>Cdora. Nairelys Carolina Moy\u00a0<\/b><\/p>\n<p><span style=\"font-weight: 400;\">Contacto:<\/span> <a href=\"mailto:contable@aehg-laplata.org.ar\"><span style=\"font-weight: 400;\">contable@aehg-laplata.org.ar<\/span><\/a><\/p>\n<p><b>Estudios contables externos<\/b><\/p>\n<p><b>Cdor. Osvaldo Cacace\u00a0<\/b><\/p>\n<p><b>Cdor. Carlos Martinez<\/b>[\/vc_column_text][\/vc_tta_section][vc_tta_section title=&#8221;Psicolog\u00eda&#8221; tab_id=&#8221;1605310428358-43df0646-04dd&#8221;][vc_column_text]<b>Lic. Marisa Lopez: <\/b><span style=\"font-weight: 400;\">Asesoramiento empresarial, evaluaci\u00f3n de licencia, clima laboral y mejora de condiciones ambientales de trabajo.\u00a0<\/span><\/p>\n<p><span style=\"font-weight: 400;\">Contacto: (011)-15 3701-7673<\/span>[\/vc_column_text][\/vc_tta_section][vc_tta_section title=&#8221;Seguridad e Higiene y Control Ambiental Laboral&#8221; tab_id=&#8221;1605310428679-2c8ef523-0181&#8243;][vc_column_text]<b>Riesgo Uno:<\/b><span style=\"font-weight: 400;\"> Asesoramiento en Seguridad, Higiene y Medio Ambiente.\u00a0<\/span><\/p>\n<p><span style=\"font-weight: 400;\">Lic. Dominguez D. Bernab\u00e9<\/span><\/p>\n<ul>\n<li style=\"font-weight: 400;\"><span style=\"font-weight: 400;\">Confecci\u00f3n de CERPROSA (Certificado Profesional de Seguridad Ambiental)<\/span><\/li>\n<li style=\"font-weight: 400;\"><span style=\"font-weight: 400;\">Asesoramiento t\u00e9cnico-legal en Seguridad e Higiene en el Trabajo<\/span><\/li>\n<li style=\"font-weight: 400;\"><span style=\"font-weight: 400;\">Asesoramiento t\u00e9cnico-legal en Medio Ambiente<\/span><\/li>\n<li style=\"font-weight: 400;\"><span style=\"font-weight: 400;\">Servicios externos de Seguridad e Higiene en el Trabajo<\/span><\/li>\n<li style=\"font-weight: 400;\"><span style=\"font-weight: 400;\">Capacitaciones<\/span><\/li>\n<li style=\"font-weight: 400;\"><span style=\"font-weight: 400;\">Estudios de Carga de Fuego<\/span><\/li>\n<li style=\"font-weight: 400;\"><span style=\"font-weight: 400;\">Planes de Evacuaci\u00f3n<\/span><\/li>\n<\/ul>\n<p><span style=\"font-weight: 400;\">Contacto: <a href=\"mailto:informacion@aehg-laplata.org.ar\">informacion@aehg-laplata.org.ar<\/a><\/span><\/p>\n<p><span style=\"font-weight: 400;\">Tel\u00e9fono: 221-4634163<\/span><\/p>\n<p><a href=\"http:\/\/www.claseuno.com.ar\"><span style=\"font-weight: 400;\">www.claseuno.com.ar<\/span><\/a>[\/vc_column_text][\/vc_tta_section][\/vc_tta_accordion][\/vc_column][\/vc_row]<\/p>\n","protected":false},"excerpt":{"rendered":"<p>[vc_row full_width=&#8221;stretch_row&#8221; css=&#8221;.vc_custom_1600781837739{background-color: #00205a !important;}&#8221;][vc_column][vc_column_text] Asesoramiento [\/vc_column_text][\/vc_column][\/vc_row][vc_row][vc_column][vc_column_text] Para contactarse con nuestros asesores comunicarse por las v\u00ecas de contacto establecidas en&#8230;<\/p>\n","protected":false},"author":1,"featured_media":0,"parent":0,"menu_order":0,"comment_status":"closed","ping_status":"closed","template":"","meta":[],"yoast_head":"<!-- This site is optimized with the Yoast SEO plugin v17.2.1 - https:\/\/yoast.com\/wordpress\/plugins\/seo\/ -->\n<title>Asesoramiento - AEHG La Plata<\/title>\n<meta name=\"robots\" content=\"index, follow, max-snippet:-1, max-image-preview:large, max-video-preview:-1\" \/>\n<link rel=\"canonical\" href=\"https:\/\/aehg-laplata.org.ar\/nueva\/asesoramiento\/\" \/>\n<meta property=\"og:locale\" content=\"es_ES\" \/>\n<meta property=\"og:type\" content=\"article\" \/>\n<meta property=\"og:title\" content=\"Asesoramiento - AEHG La Plata\" \/>\n<meta property=\"og:description\" content=\"[vc_row full_width=&#8221;stretch_row&#8221; css=&#8221;.vc_custom_1600781837739{background-color: #00205a !important;}&#8221;][vc_column][vc_column_text] Asesoramiento [\/vc_column_text][\/vc_column][\/vc_row][vc_row][vc_column][vc_column_text] Para contactarse con nuestros asesores comunicarse por las v\u00ecas de contacto establecidas en...\" \/>\n<meta property=\"og:url\" content=\"https:\/\/aehg-laplata.org.ar\/nueva\/asesoramiento\/\" \/>\n<meta property=\"og:site_name\" content=\"AEHG La Plata\" \/>\n<meta property=\"article:publisher\" content=\"https:\/\/www.facebook.com\/AehgLaPlataOK\/\" \/>\n<meta property=\"article:modified_time\" content=\"2020-11-16T23:42:34+00:00\" \/>\n<meta name=\"twitter:card\" content=\"summary_large_image\" \/>\n<meta name=\"twitter:label1\" content=\"Tiempo de lectura\" \/>\n\t<meta name=\"twitter:data1\" content=\"2 minutos\" \/>\n<script type=\"application\/ld+json\" class=\"yoast-schema-graph\">{\"@context\":\"https:\/\/schema.org\",\"@graph\":[{\"@type\":\"WebSite\",\"@id\":\"https:\/\/aehg-laplata.org.ar\/nueva\/#website\",\"url\":\"https:\/\/aehg-laplata.org.ar\/nueva\/\",\"name\":\"AEHG La Plata\",\"description\":\"\",\"potentialAction\":[{\"@type\":\"SearchAction\",\"target\":{\"@type\":\"EntryPoint\",\"urlTemplate\":\"https:\/\/aehg-laplata.org.ar\/nueva\/?s={search_term_string}\"},\"query-input\":\"required name=search_term_string\"}],\"inLanguage\":\"es-AR\"},{\"@type\":\"WebPage\",\"@id\":\"https:\/\/aehg-laplata.org.ar\/nueva\/asesoramiento\/#webpage\",\"url\":\"https:\/\/aehg-laplata.org.ar\/nueva\/asesoramiento\/\",\"name\":\"Asesoramiento - AEHG La Plata\",\"isPartOf\":{\"@id\":\"https:\/\/aehg-laplata.org.ar\/nueva\/#website\"},\"datePublished\":\"2020-11-16T15:06:17+00:00\",\"dateModified\":\"2020-11-16T23:42:34+00:00\",\"breadcrumb\":{\"@id\":\"https:\/\/aehg-laplata.org.ar\/nueva\/asesoramiento\/#breadcrumb\"},\"inLanguage\":\"es-AR\",\"potentialAction\":[{\"@type\":\"ReadAction\",\"target\":[\"https:\/\/aehg-laplata.org.ar\/nueva\/asesoramiento\/\"]}]},{\"@type\":\"BreadcrumbList\",\"@id\":\"https:\/\/aehg-laplata.org.ar\/nueva\/asesoramiento\/#breadcrumb\",\"itemListElement\":[{\"@type\":\"ListItem\",\"position\":1,\"name\":\"Inicio\",\"item\":\"https:\/\/aehg-laplata.org.ar\/nueva\/\"},{\"@type\":\"ListItem\",\"position\":2,\"name\":\"Asesoramiento\"}]}]}<\/script>\n<!-- \/ Yoast SEO plugin. -->","yoast_head_json":{"title":"Asesoramiento - AEHG La Plata","robots":{"index":"index","follow":"follow","max-snippet":"max-snippet:-1","max-image-preview":"max-image-preview:large","max-video-preview":"max-video-preview:-1"},"canonical":"https:\/\/aehg-laplata.org.ar\/nueva\/asesoramiento\/","og_locale":"es_ES","og_type":"article","og_title":"Asesoramiento - AEHG La Plata","og_description":"[vc_row full_width=&#8221;stretch_row&#8221; css=&#8221;.vc_custom_1600781837739{background-color: #00205a !important;}&#8221;][vc_column][vc_column_text] Asesoramiento [\/vc_column_text][\/vc_column][\/vc_row][vc_row][vc_column][vc_column_text] Para contactarse con nuestros asesores comunicarse por las v\u00ecas de contacto establecidas en...","og_url":"https:\/\/aehg-laplata.org.ar\/nueva\/asesoramiento\/","og_site_name":"AEHG La Plata","article_publisher":"https:\/\/www.facebook.com\/AehgLaPlataOK\/","article_modified_time":"2020-11-16T23:42:34+00:00","twitter_card":"summary_large_image","twitter_misc":{"Tiempo de lectura":"2 minutos"},"schema":{"@context":"https:\/\/schema.org","@graph":[{"@type":"WebSite","@id":"https:\/\/aehg-laplata.org.ar\/nueva\/#website","url":"https:\/\/aehg-laplata.org.ar\/nueva\/","name":"AEHG La Plata","description":"","potentialAction":[{"@type":"SearchAction","target":{"@type":"EntryPoint","urlTemplate":"https:\/\/aehg-laplata.org.ar\/nueva\/?s={search_term_string}"},"query-input":"required name=search_term_string"}],"inLanguage":"es-AR"},{"@type":"WebPage","@id":"https:\/\/aehg-laplata.org.ar\/nueva\/asesoramiento\/#webpage","url":"https:\/\/aehg-laplata.org.ar\/nueva\/asesoramiento\/","name":"Asesoramiento - AEHG La Plata","isPartOf":{"@id":"https:\/\/aehg-laplata.org.ar\/nueva\/#website"},"datePublished":"2020-11-16T15:06:17+00:00","dateModified":"2020-11-16T23:42:34+00:00","breadcrumb":{"@id":"https:\/\/aehg-laplata.org.ar\/nueva\/asesoramiento\/#breadcrumb"},"inLanguage":"es-AR","potentialAction":[{"@type":"ReadAction","target":["https:\/\/aehg-laplata.org.ar\/nueva\/asesoramiento\/"]}]},{"@type":"BreadcrumbList","@id":"https:\/\/aehg-laplata.org.ar\/nueva\/asesoramiento\/#breadcrumb","itemListElement":[{"@type":"ListItem","position":1,"name":"Inicio","item":"https:\/\/aehg-laplata.org.ar\/nueva\/"},{"@type":"ListItem","position":2,"name":"Asesoramiento"}]}]}},"_links":{"self":[{"href":"https:\/\/aehg-laplata.org.ar\/nueva\/wp-json\/wp\/v2\/pages\/531"}],"collection":[{"href":"https:\/\/aehg-laplata.org.ar\/nueva\/wp-json\/wp\/v2\/pages"}],"about":[{"href":"https:\/\/aehg-laplata.org.ar\/nueva\/wp-json\/wp\/v2\/types\/page"}],"author":[{"embeddable":true,"href":"https:\/\/aehg-laplata.org.ar\/nueva\/wp-json\/wp\/v2\/users\/1"}],"replies":[{"embeddable":true,"href":"https:\/\/aehg-laplata.org.ar\/nueva\/wp-json\/wp\/v2\/comments?post=531"}],"version-history":[{"count":4,"href":"https:\/\/aehg-laplata.org.ar\/nueva\/wp-json\/wp\/v2\/pages\/531\/revisions"}],"predecessor-version":[{"id":618,"href":"https:\/\/aehg-laplata.org.ar\/nueva\/wp-json\/wp\/v2\/pages\/531\/revisions\/618"}],"wp:attachment":[{"href":"https:\/\/aehg-laplata.org.ar\/nueva\/wp-json\/wp\/v2\/media?parent=531"}],"curies":[{"name":"wp","href":"https:\/\/api.w.org\/{rel}","templated":true}]}}