{"id":459,"date":"2020-11-13T08:32:26","date_gmt":"2020-11-13T11:32:26","guid":{"rendered":"https:\/\/aehg-laplata.org.ar\/nueva\/?page_id=459"},"modified":"2020-11-17T19:08:15","modified_gmt":"2020-11-17T22:08:15","slug":"pastelero-profesional","status":"publish","type":"page","link":"https:\/\/aehg-laplata.org.ar\/nueva\/instituto-superior-angel-salvadori\/pastelero-profesional\/","title":{"rendered":"Pastelero Profesional"},"content":{"rendered":"<p>[vc_row full_width=&#8221;stretch_row&#8221;][vc_column][vc_single_image image=&#8221;637&#8243; img_size=&#8221;large&#8221; alignment=&#8221;center&#8221;][\/vc_column][\/vc_row][vc_row full_width=&#8221;stretch_row_content_no_spaces&#8221; equal_height=&#8221;yes&#8221; content_placement=&#8221;middle&#8221; css=&#8221;.vc_custom_1601744680350{margin-top: 20px !important;margin-bottom: 0px !important;padding-bottom: 0px !important;background-color: #f0f3f2 !important;}&#8221;][vc_column css_animation=&#8221;bottom-to-top&#8221; width=&#8221;1\/2&#8243; css=&#8221;.vc_custom_1605274707513{background-image: url(https:\/\/aehg-laplata.org.ar\/nueva\/wp-content\/uploads\/aehg-instituto-06.jpg?id=442) !important;background-position: center !important;background-repeat: no-repeat !important;background-size: cover !important;}&#8221;]<div class=\"clearboth\"><\/div><div class=\"gem-divider \" style=\"margin-top: 300px;\"><\/div>[\/vc_column][vc_column width=&#8221;1\/2&#8243; disable_custom_paddings_tablet=&#8221;true&#8221; disable_custom_paddings_mobile=&#8221;true&#8221; css=&#8221;.vc_custom_1542290229812{padding-right: 110px !important;padding-left: 110px !important;}&#8221;]<div class=\"clearboth\"><\/div><div class=\"gem-divider \" style=\"margin-top: 50px;\"><\/div>[vc_column_text css_animation=&#8221;bottom-to-top&#8221;]<\/p>\n<h2>Pastelero Profesional<\/h2>\n<p>[\/vc_column_text]<div class=\"clearboth\"><\/div><div class=\"gem-divider \" style=\"margin-top: 30px;\"><\/div>[vc_column_text]<\/p>\n<div class=\"styled-subtitle\">Carrera con T\u00edtulo Oficial de tres a\u00f1os de estudio<br \/>\n(RES N\u00b0 280\/03)<\/div>\n<p>[\/vc_column_text]<div class=\"clearboth\"><\/div><div class=\"gem-divider \" style=\"margin-top: 30px;\"><\/div><div class=\"gem-button-container gem-button-position-left thegem-button-69d23acc7705a7093\" ><a class=\"gem-button gem-button-size-medium gem-button-style-outline gem-button-text-weight-normal gem-button-border-2\" style=\"border-radius: 10px;border-color: #3c3950;color: #3c3950;\" onmouseleave=\"this.style.borderColor='#3c3950';this.style.backgroundColor='transparent';this.style.color='#3c3950';\" onmouseenter=\"this.style.borderColor='#3c3950';this.style.backgroundColor='#3c3950';this.style.color='#ffffff';\" href=\"mailto:info@aehg-laplata.org.ar\" target=\"_blank\">Consultas e Inscripci\u00f3n<\/a><\/div> <div class=\"clearboth\"><\/div><div class=\"gem-divider \" style=\"margin-top: 30px;\"><\/div>[\/vc_column][\/vc_row][vc_row full_width=&#8221;stretch_row&#8221; equal_height=&#8221;yes&#8221; css=&#8221;.vc_custom_1605268330520{margin-top: 40px !important;}&#8221;][vc_column width=&#8221;1\/3&#8243;][vc_column_text]<\/p>\n<h4 style=\"text-align: center;\">Perfil<\/h4>\n<p>[\/vc_column_text][vc_column_text]El\u00a0Pastelero\u00a0est\u00e1 capacitado, de acuerdo a las actividades que se desarrollan en el perfil profesional, para preelaborar, preparar, presentar y conservar toda clase de productos de la pasteler\u00eda, aplicando las t\u00e9cnicas correspondientes, consiguiendo la calidad y objetivos econ\u00f3micos establecidos y respetando las normas y pr\u00e1cticas de seguridad e higiene en la manipulaci\u00f3n alimentaria.<\/p>\n<p>Tambi\u00e9n tiene conocimientos que le permiten realizar la elaboraci\u00f3n de productos b\u00e1sicos de la chocolater\u00eda, panader\u00eda y helader\u00eda. Asimismo estar\u00e1 en condiciones de participar en la definici\u00f3n de las ofertas gastron\u00f3micas.[\/vc_column_text][\/vc_column][vc_column width=&#8221;1\/3&#8243;][vc_column_text]<\/p>\n<h4 style=\"text-align: center;\">\u00c1rea Ocupacional<\/h4>\n<p>[\/vc_column_text][vc_column_text]El\u00a0Profesional Pastelero se desempe\u00f1a en el \u00e1rea de producci\u00f3n-pasteler\u00eda de establecimientos de distinta envergadura donde se produzca elaboraci\u00f3n de alimentos, como restaurantes, confiter\u00edas-panader\u00edas, bares, \u00e1reas gastron\u00f3micas en servicios de alojamiento, buques, escuelas, hospitales, c\u00e1rceles, patios de comidas, servicios de catering, f\u00e1bricas y en plantas productoras de alimentos elaborados.<br \/>\nAsimismo, en las \u00e1reas de recepci\u00f3n de productos alimenticios en comercios minoristas, mayoristas y grandes cadenas; lugares donde se presten servicios alimenticios, confiter\u00edas-pasteler\u00edas, helader\u00edas industriales, mayoristas de productos alimenticios, industrias de panificaci\u00f3n y productos alimenticios listos para consumir, enfriados y congelados.[\/vc_column_text][\/vc_column][vc_column width=&#8221;1\/3&#8243;][vc_column_text]<\/p>\n<h4 style=\"text-align: center;\">\u00c1reas y Competencias<\/h4>\n<p>[\/vc_column_text][vc_column_text]El desempe\u00f1o de este profesional se desarrolla en espacios ocupacionales tales como:<br \/>\n-Mantener y verificar que est\u00e9n limpios, desinfectados y operativos el equipamiento, maquinarias, utensilios y elementos de uso en pasteler\u00eda y del \u00e1rea de trabajo.<br \/>\n-Participar en la elaboraci\u00f3n de los men\u00fas y confeccionar el pedido de mercader\u00eda y\/o requisitoria.<br \/>\n-Recibir, controlar, verificar y almacenar materias prima seg\u00fan conformidad.<br \/>\n<b>\u2013<\/b>Acondicionar y preparar las materias primas para el servicio (Mise en place).<br \/>\n-Elaborar, presentar y supervisar las preparaciones culinarias<em>.<\/em>[\/vc_column_text][\/vc_column][\/vc_row][vc_row full_width=&#8221;stretch_row&#8221; equal_height=&#8221;yes&#8221; content_placement=&#8221;middle&#8221; css=&#8221;.vc_custom_1605268708032{margin-top: 20px !important;margin-bottom: 0px !important;padding-bottom: 0px !important;background-color: #f0f3f2 !important;}&#8221;][vc_column css_animation=&#8221;bottom-to-top&#8221; css=&#8221;.vc_custom_1605268405029{background-position: center !important;background-repeat: no-repeat !important;background-size: cover !important;}&#8221;][vc_column_text]<\/p>\n<h2 style=\"text-align: center;\">Plan de Estudios<\/h2>\n<p>[\/vc_column_text][vc_separator color=&#8221;custom&#8221; border_width=&#8221;3&#8243; el_width=&#8221;40&#8243; accent_color=&#8221;#00205a&#8221;]<div class=\"clearboth\"><\/div><div class=\"gem-divider \" style=\"margin-top: 20px;\"><\/div>[vc_row_inner][vc_column_inner][vc_column_text]<\/p>\n<h4>1\u00b0 a\u00f1o<\/h4>\n<p>[\/vc_column_text][vc_column_text]- Pasteler\u00eda<br \/>\n&#8211; Nutrici\u00f3n y Buenas Pr\u00e1cticas<br \/>\n&#8211; Pr\u00e1ctica Profesional[\/vc_column_text][\/vc_column_inner][\/vc_row_inner][\/vc_column][\/vc_row][vc_row full_width=&#8221;stretch_row&#8221; equal_height=&#8221;yes&#8221; content_placement=&#8221;middle&#8221; css=&#8221;.vc_custom_1605650135899{margin-top: 20px !important;margin-bottom: 0px !important;padding-bottom: 0px !important;}&#8221;][vc_column css_animation=&#8221;bottom-to-top&#8221; css=&#8221;.vc_custom_1605268405029{background-position: center !important;background-repeat: no-repeat !important;background-size: cover !important;}&#8221;]<div class=\"gem-button-container gem-button-position-center thegem-button-69d23acc770aa9898\" ><a class=\"gem-button gem-button-size-large gem-button-style-outline gem-button-text-weight-normal gem-button-border-2\" style=\"border-radius: 10px;border-color: #3c3950;color: #3c3950;\" onmouseleave=\"this.style.borderColor='#3c3950';this.style.backgroundColor='transparent';this.style.color='#3c3950';\" onmouseenter=\"this.style.borderColor='#3c3950';this.style.backgroundColor='#3c3950';this.style.color='#ffffff';\" href=\"mailto:info@aehg-laplata.org.ar\" target=\"_blank\">Requisitos<\/a><\/div> [\/vc_column][\/vc_row][vc_row][vc_column]<div class=\"clearboth\"><\/div><div class=\"gem-divider \" style=\"margin-top: 30px;\"><\/div>[\/vc_column][\/vc_row]<\/p>\n","protected":false},"excerpt":{"rendered":"<p>[vc_row full_width=&#8221;stretch_row&#8221;][vc_column][vc_single_image image=&#8221;637&#8243; img_size=&#8221;large&#8221; alignment=&#8221;center&#8221;][\/vc_column][\/vc_row][vc_row full_width=&#8221;stretch_row_content_no_spaces&#8221; equal_height=&#8221;yes&#8221; content_placement=&#8221;middle&#8221; css=&#8221;.vc_custom_1601744680350{margin-top: 20px !important;margin-bottom: 0px !important;padding-bottom: 0px !important;background-color: #f0f3f2 !important;}&#8221;][vc_column css_animation=&#8221;bottom-to-top&#8221; width=&#8221;1\/2&#8243; css=&#8221;.vc_custom_1605274707513{background-image:&#8230;<\/p>\n","protected":false},"author":1,"featured_media":0,"parent":428,"menu_order":0,"comment_status":"closed","ping_status":"closed","template":"","meta":[],"yoast_head":"<!-- This site is optimized with the Yoast SEO plugin v17.2.1 - https:\/\/yoast.com\/wordpress\/plugins\/seo\/ -->\n<title>Pastelero Profesional - AEHG La Plata<\/title>\n<meta name=\"robots\" content=\"index, follow, max-snippet:-1, max-image-preview:large, max-video-preview:-1\" \/>\n<link rel=\"canonical\" href=\"https:\/\/aehg-laplata.org.ar\/nueva\/instituto-superior-angel-salvadori\/pastelero-profesional\/\" \/>\n<meta property=\"og:locale\" content=\"es_ES\" \/>\n<meta property=\"og:type\" content=\"article\" \/>\n<meta property=\"og:title\" content=\"Pastelero Profesional - AEHG La Plata\" \/>\n<meta property=\"og:description\" content=\"[vc_row full_width=&#8221;stretch_row&#8221;][vc_column][vc_single_image image=&#8221;637&#8243; img_size=&#8221;large&#8221; alignment=&#8221;center&#8221;][\/vc_column][\/vc_row][vc_row full_width=&#8221;stretch_row_content_no_spaces&#8221; equal_height=&#8221;yes&#8221; content_placement=&#8221;middle&#8221; css=&#8221;.vc_custom_1601744680350{margin-top: 20px !important;margin-bottom: 0px !important;padding-bottom: 0px !important;background-color: #f0f3f2 !important;}&#8221;][vc_column css_animation=&#8221;bottom-to-top&#8221; width=&#8221;1\/2&#8243; css=&#8221;.vc_custom_1605274707513{background-image:...\" \/>\n<meta property=\"og:url\" content=\"https:\/\/aehg-laplata.org.ar\/nueva\/instituto-superior-angel-salvadori\/pastelero-profesional\/\" \/>\n<meta property=\"og:site_name\" content=\"AEHG La Plata\" \/>\n<meta property=\"article:publisher\" content=\"https:\/\/www.facebook.com\/AehgLaPlataOK\/\" \/>\n<meta property=\"article:modified_time\" content=\"2020-11-17T22:08:15+00:00\" \/>\n<meta name=\"twitter:card\" content=\"summary_large_image\" \/>\n<meta name=\"twitter:label1\" content=\"Tiempo de lectura\" \/>\n\t<meta name=\"twitter:data1\" content=\"4 minutos\" \/>\n<script type=\"application\/ld+json\" class=\"yoast-schema-graph\">{\"@context\":\"https:\/\/schema.org\",\"@graph\":[{\"@type\":\"WebSite\",\"@id\":\"https:\/\/aehg-laplata.org.ar\/nueva\/#website\",\"url\":\"https:\/\/aehg-laplata.org.ar\/nueva\/\",\"name\":\"AEHG La Plata\",\"description\":\"\",\"potentialAction\":[{\"@type\":\"SearchAction\",\"target\":{\"@type\":\"EntryPoint\",\"urlTemplate\":\"https:\/\/aehg-laplata.org.ar\/nueva\/?s={search_term_string}\"},\"query-input\":\"required name=search_term_string\"}],\"inLanguage\":\"es-AR\"},{\"@type\":\"WebPage\",\"@id\":\"https:\/\/aehg-laplata.org.ar\/nueva\/instituto-superior-angel-salvadori\/pastelero-profesional\/#webpage\",\"url\":\"https:\/\/aehg-laplata.org.ar\/nueva\/instituto-superior-angel-salvadori\/pastelero-profesional\/\",\"name\":\"Pastelero Profesional - AEHG La Plata\",\"isPartOf\":{\"@id\":\"https:\/\/aehg-laplata.org.ar\/nueva\/#website\"},\"datePublished\":\"2020-11-13T11:32:26+00:00\",\"dateModified\":\"2020-11-17T22:08:15+00:00\",\"breadcrumb\":{\"@id\":\"https:\/\/aehg-laplata.org.ar\/nueva\/instituto-superior-angel-salvadori\/pastelero-profesional\/#breadcrumb\"},\"inLanguage\":\"es-AR\",\"potentialAction\":[{\"@type\":\"ReadAction\",\"target\":[\"https:\/\/aehg-laplata.org.ar\/nueva\/instituto-superior-angel-salvadori\/pastelero-profesional\/\"]}]},{\"@type\":\"BreadcrumbList\",\"@id\":\"https:\/\/aehg-laplata.org.ar\/nueva\/instituto-superior-angel-salvadori\/pastelero-profesional\/#breadcrumb\",\"itemListElement\":[{\"@type\":\"ListItem\",\"position\":1,\"name\":\"Inicio\",\"item\":\"https:\/\/aehg-laplata.org.ar\/nueva\/\"},{\"@type\":\"ListItem\",\"position\":2,\"name\":\"Instituto Superior \\u00c1ngel Salvadori\",\"item\":\"https:\/\/aehg-laplata.org.ar\/nueva\/instituto-superior-angel-salvadori\/\"},{\"@type\":\"ListItem\",\"position\":3,\"name\":\"Pastelero Profesional\"}]}]}<\/script>\n<!-- \/ Yoast SEO plugin. -->","yoast_head_json":{"title":"Pastelero Profesional - AEHG La Plata","robots":{"index":"index","follow":"follow","max-snippet":"max-snippet:-1","max-image-preview":"max-image-preview:large","max-video-preview":"max-video-preview:-1"},"canonical":"https:\/\/aehg-laplata.org.ar\/nueva\/instituto-superior-angel-salvadori\/pastelero-profesional\/","og_locale":"es_ES","og_type":"article","og_title":"Pastelero Profesional - AEHG La Plata","og_description":"[vc_row full_width=&#8221;stretch_row&#8221;][vc_column][vc_single_image image=&#8221;637&#8243; img_size=&#8221;large&#8221; alignment=&#8221;center&#8221;][\/vc_column][\/vc_row][vc_row full_width=&#8221;stretch_row_content_no_spaces&#8221; equal_height=&#8221;yes&#8221; content_placement=&#8221;middle&#8221; css=&#8221;.vc_custom_1601744680350{margin-top: 20px !important;margin-bottom: 0px !important;padding-bottom: 0px !important;background-color: #f0f3f2 !important;}&#8221;][vc_column css_animation=&#8221;bottom-to-top&#8221; width=&#8221;1\/2&#8243; css=&#8221;.vc_custom_1605274707513{background-image:...","og_url":"https:\/\/aehg-laplata.org.ar\/nueva\/instituto-superior-angel-salvadori\/pastelero-profesional\/","og_site_name":"AEHG La Plata","article_publisher":"https:\/\/www.facebook.com\/AehgLaPlataOK\/","article_modified_time":"2020-11-17T22:08:15+00:00","twitter_card":"summary_large_image","twitter_misc":{"Tiempo de lectura":"4 minutos"},"schema":{"@context":"https:\/\/schema.org","@graph":[{"@type":"WebSite","@id":"https:\/\/aehg-laplata.org.ar\/nueva\/#website","url":"https:\/\/aehg-laplata.org.ar\/nueva\/","name":"AEHG La Plata","description":"","potentialAction":[{"@type":"SearchAction","target":{"@type":"EntryPoint","urlTemplate":"https:\/\/aehg-laplata.org.ar\/nueva\/?s={search_term_string}"},"query-input":"required name=search_term_string"}],"inLanguage":"es-AR"},{"@type":"WebPage","@id":"https:\/\/aehg-laplata.org.ar\/nueva\/instituto-superior-angel-salvadori\/pastelero-profesional\/#webpage","url":"https:\/\/aehg-laplata.org.ar\/nueva\/instituto-superior-angel-salvadori\/pastelero-profesional\/","name":"Pastelero Profesional - AEHG La Plata","isPartOf":{"@id":"https:\/\/aehg-laplata.org.ar\/nueva\/#website"},"datePublished":"2020-11-13T11:32:26+00:00","dateModified":"2020-11-17T22:08:15+00:00","breadcrumb":{"@id":"https:\/\/aehg-laplata.org.ar\/nueva\/instituto-superior-angel-salvadori\/pastelero-profesional\/#breadcrumb"},"inLanguage":"es-AR","potentialAction":[{"@type":"ReadAction","target":["https:\/\/aehg-laplata.org.ar\/nueva\/instituto-superior-angel-salvadori\/pastelero-profesional\/"]}]},{"@type":"BreadcrumbList","@id":"https:\/\/aehg-laplata.org.ar\/nueva\/instituto-superior-angel-salvadori\/pastelero-profesional\/#breadcrumb","itemListElement":[{"@type":"ListItem","position":1,"name":"Inicio","item":"https:\/\/aehg-laplata.org.ar\/nueva\/"},{"@type":"ListItem","position":2,"name":"Instituto Superior \u00c1ngel Salvadori","item":"https:\/\/aehg-laplata.org.ar\/nueva\/instituto-superior-angel-salvadori\/"},{"@type":"ListItem","position":3,"name":"Pastelero Profesional"}]}]}},"_links":{"self":[{"href":"https:\/\/aehg-laplata.org.ar\/nueva\/wp-json\/wp\/v2\/pages\/459"}],"collection":[{"href":"https:\/\/aehg-laplata.org.ar\/nueva\/wp-json\/wp\/v2\/pages"}],"about":[{"href":"https:\/\/aehg-laplata.org.ar\/nueva\/wp-json\/wp\/v2\/types\/page"}],"author":[{"embeddable":true,"href":"https:\/\/aehg-laplata.org.ar\/nueva\/wp-json\/wp\/v2\/users\/1"}],"replies":[{"embeddable":true,"href":"https:\/\/aehg-laplata.org.ar\/nueva\/wp-json\/wp\/v2\/comments?post=459"}],"version-history":[{"count":7,"href":"https:\/\/aehg-laplata.org.ar\/nueva\/wp-json\/wp\/v2\/pages\/459\/revisions"}],"predecessor-version":[{"id":653,"href":"https:\/\/aehg-laplata.org.ar\/nueva\/wp-json\/wp\/v2\/pages\/459\/revisions\/653"}],"up":[{"embeddable":true,"href":"https:\/\/aehg-laplata.org.ar\/nueva\/wp-json\/wp\/v2\/pages\/428"}],"wp:attachment":[{"href":"https:\/\/aehg-laplata.org.ar\/nueva\/wp-json\/wp\/v2\/media?parent=459"}],"curies":[{"name":"wp","href":"https:\/\/api.w.org\/{rel}","templated":true}]}}