{"id":457,"date":"2020-11-13T08:31:50","date_gmt":"2020-11-13T11:31:50","guid":{"rendered":"https:\/\/aehg-laplata.org.ar\/nueva\/?page_id=457"},"modified":"2021-07-20T09:30:56","modified_gmt":"2021-07-20T12:30:56","slug":"tecnico-superior-en-servicios-gastronomicos","status":"publish","type":"page","link":"https:\/\/aehg-laplata.org.ar\/nueva\/instituto-superior-angel-salvadori\/tecnico-superior-en-servicios-gastronomicos\/","title":{"rendered":"T\u00e9cnico Superior en Servicios Gastron\u00f3micos"},"content":{"rendered":"<p>[vc_row full_width=&#8221;stretch_row&#8221;][vc_column][vc_single_image image=&#8221;637&#8243; img_size=&#8221;large&#8221; alignment=&#8221;center&#8221;][\/vc_column][\/vc_row][vc_row full_width=&#8221;stretch_row_content_no_spaces&#8221; equal_height=&#8221;yes&#8221; content_placement=&#8221;middle&#8221; css=&#8221;.vc_custom_1601744680350{margin-top: 20px !important;margin-bottom: 0px !important;padding-bottom: 0px !important;background-color: #f0f3f2 !important;}&#8221;][vc_column width=&#8221;1\/2&#8243; css_animation=&#8221;bottom-to-top&#8221; css=&#8221;.vc_custom_1605730499202{background-image: url(https:\/\/aehg-laplata.org.ar\/nueva\/wp-content\/uploads\/aehg-instituto-gastronomia.jpg?id=676) !important;background-position: center !important;background-repeat: no-repeat !important;background-size: cover !important;}&#8221;]<div class=\"clearboth\"><\/div><div class=\"gem-divider \" style=\"margin-top: 300px;\"><\/div>[\/vc_column][vc_column width=&#8221;1\/2&#8243; disable_custom_paddings_tablet=&#8221;true&#8221; disable_custom_paddings_mobile=&#8221;true&#8221; css=&#8221;.vc_custom_1542290229812{padding-right: 110px !important;padding-left: 110px !important;}&#8221;]<div class=\"clearboth\"><\/div><div class=\"gem-divider \" style=\"margin-top: 50px;\"><\/div>[vc_column_text css_animation=&#8221;bottom-to-top&#8221;]<\/p>\n<h2>T\u00e9cnico Superior en Servicios Gastron\u00f3micos<\/h2>\n<p>[\/vc_column_text]<div class=\"clearboth\"><\/div><div class=\"gem-divider \" style=\"margin-top: 30px;\"><\/div>[vc_column_text]<\/p>\n<div class=\"styled-subtitle\">Carrera con T\u00edtulo Oficial de tres a\u00f1os de estudio<br \/>\n(RES N\u00b0 3753\/11)<\/div>\n<p>[\/vc_column_text]<div class=\"clearboth\"><\/div><div class=\"gem-divider \" style=\"margin-top: 30px;\"><\/div><div class=\"gem-button-container gem-button-position-left thegem-button-69f6365bd04cc6713\" ><a title=\"Consultas e inscripci\u00f3n\" class=\"gem-button gem-button-size-medium gem-button-style-outline gem-button-text-weight-normal gem-button-border-2\" style=\"border-radius: 10px;border-color: #3c3950;color: #3c3950;\" onmouseleave=\"this.style.borderColor='#3c3950';this.style.backgroundColor='transparent';this.style.color='#3c3950';\" onmouseenter=\"this.style.borderColor='#3c3950';this.style.backgroundColor='#3c3950';this.style.color='#ffffff';\" href=\"http:\/\/aehg-laplata.org.ar\/nueva\/instituto-superior-angel-salvadori\/consultas-e-inscripcion\/\" target=\"_self\">Consultas e Inscripci\u00f3n<\/a><\/div> <div class=\"clearboth\"><\/div><div class=\"gem-divider \" style=\"margin-top: 30px;\"><\/div>[\/vc_column][\/vc_row][vc_row full_width=&#8221;stretch_row&#8221; equal_height=&#8221;yes&#8221; css=&#8221;.vc_custom_1605268330520{margin-top: 40px !important;}&#8221;][vc_column width=&#8221;1\/3&#8243;][vc_column_text]<\/p>\n<h4 style=\"text-align: center;\">Perfil<\/h4>\n<p>[\/vc_column_text][vc_column_text]El T\u00e9cnico Superior en Gesti\u00f3n de Servicios Gastron\u00f3micos es un profesional competente para la organizaci\u00f3n, administraci\u00f3n, planificaci\u00f3n, control y asesoramiento en los servicios de gastronom\u00eda de todo tipo y tama\u00f1o as\u00ed como los de provisi\u00f3n de alimentos elaborados.[\/vc_column_text][\/vc_column][vc_column width=&#8221;1\/3&#8243;][vc_column_text]<\/p>\n<h4 style=\"text-align: center;\">\u00c1rea Ocupacional<\/h4>\n<p>[\/vc_column_text][vc_column_text]El desempe\u00f1o de este profesional se desarrolla en espacios ocupacionales tales como:<br \/>\n\u2013\u00a0Organizar las \u00e1reas gastron\u00f3micas de los servicios de alojamiento y todo tipo de empresas que realicen despacho de comidas elaboradas.<br \/>\n\u2013 Administrar las compras, y ventas de la organizaci\u00f3n.<br \/>\n\u2013 Planificar y dise\u00f1ar de la oferta gastron\u00f3mica de acuerdo a la modalidad del servicio.<br \/>\n\u2013 Controlar todos los aspectos vinculados a la prestaci\u00f3n de los servicios.<br \/>\n\u2013 Asesorar sobre la implementaci\u00f3n y\/o trasformaci\u00f3n de empresas o servicios de gastronom\u00eda.[\/vc_column_text][\/vc_column][vc_column width=&#8221;1\/3&#8243;][vc_column_text]<\/p>\n<h4 style=\"text-align: center;\">\u00c1reas y Competencias<\/h4>\n<p>[\/vc_column_text][vc_column_text]El T\u00e9cnico Superior en Gesti\u00f3n de Servicios Gastron\u00f3micos es un profesional que puede desempe\u00f1arse en los servicios de gastronom\u00eda de todo tipo y tama\u00f1o como ser restaurantes, confiter\u00edas, bares; \u00e1reas gastron\u00f3micas en servicios de alojamiento, educativos, sanitarios, etc. Empresas de catering. Todo tipo de empresas que realicen despacho de comidas elaboradas.[\/vc_column_text][\/vc_column][\/vc_row][vc_row full_width=&#8221;stretch_row&#8221; equal_height=&#8221;yes&#8221; content_placement=&#8221;middle&#8221; css=&#8221;.vc_custom_1605268708032{margin-top: 20px !important;margin-bottom: 0px !important;padding-bottom: 0px !important;background-color: #f0f3f2 !important;}&#8221;][vc_column css_animation=&#8221;bottom-to-top&#8221; css=&#8221;.vc_custom_1605268405029{background-position: center !important;background-repeat: no-repeat !important;background-size: cover !important;}&#8221;][vc_column_text]<\/p>\n<h2 style=\"text-align: center;\">Plan de Estudios<\/h2>\n<p>[\/vc_column_text][vc_separator color=&#8221;custom&#8221; border_width=&#8221;3&#8243; el_width=&#8221;40&#8243; accent_color=&#8221;#00205a&#8221;]<div class=\"clearboth\"><\/div><div class=\"gem-divider \" style=\"margin-top: 20px;\"><\/div>[vc_row_inner][vc_column_inner width=&#8221;1\/3&#8243;][vc_column_text]<\/p>\n<h4>1\u00b0 a\u00f1o<\/h4>\n<p>[\/vc_column_text][vc_column_text]- Instalaciones y equipamientos gastron\u00f3micos: uso y mantenimiento<br \/>\n&#8211; Inform\u00e1tica<br \/>\n&#8211; Planificaci\u00f3n y organizaci\u00f3n del servicio<br \/>\n&#8211; Buenas pr\u00e1cticas para la elaboraci\u00f3n de alimentos<br \/>\n&#8211; Materias primas y nutrici\u00f3n<br \/>\n&#8211; Cocina b\u00e1sica y servicio<br \/>\n&#8211; Panader\u00eda y pasteler\u00eda<br \/>\n&#8211; Pr\u00e1ctica profesionalizante I<br \/>\n&#8211; EDI: Franc\u00e9s I<br \/>\n&#8211; EDI: Cocina alternativa I[\/vc_column_text][\/vc_column_inner][vc_column_inner width=&#8221;1\/3&#8243;][vc_column_text]<\/p>\n<h4>2\u00b0 a\u00f1o<\/h4>\n<p>[\/vc_column_text][vc_column_text]- Organizaci\u00f3n de eventos<br \/>\n&#8211; Men\u00fa, dise\u00f1o y ambientaci\u00f3n de restaurantes<br \/>\n&#8211; Costos y compras<br \/>\n&#8211; Cocina argentina y latinoamericana<br \/>\n&#8211; Cocina internacional<br \/>\n&#8211; Enolog\u00eda y barman<br \/>\n&#8211; Reposter\u00eda<br \/>\n&#8211; Pr\u00e1ctica profesionalizante II<br \/>\n&#8211; EDI: Franc\u00e9s II<br \/>\n&#8211; EDI: Cocina alternativa II[\/vc_column_text][\/vc_column_inner][vc_column_inner width=&#8221;1\/3&#8243;][vc_column_text]<\/p>\n<h4>3\u00b0 a\u00f1o<\/h4>\n<p>[\/vc_column_text][vc_column_text]- Legislaci\u00f3n y administraci\u00f3n de personal<br \/>\n&#8211; Comercializaci\u00f3n<br \/>\n&#8211; Relaciones p\u00fablicas y congresos<br \/>\n&#8211; Contabilidad y control econ\u00f3mico financiero<br \/>\n&#8211; Organizaci\u00f3n y administraci\u00f3n de empresas gastron\u00f3micas<br \/>\n&#8211; Arte culinario<br \/>\n&#8211; Gesti\u00f3n de la calidad gastron\u00f3mica<br \/>\n&#8211; Gesti\u00f3n de alimentos y bebidas<br \/>\n&#8211; Pr\u00e1cticas profesionalizante III<br \/>\n&#8211; EDI: Franc\u00e9s III<br \/>\n&#8211; EDI: Cocina alternativa III<br \/>\n&#8211; EDI: Inform\u00e1tica aplicada[\/vc_column_text][\/vc_column_inner][\/vc_row_inner][\/vc_column][\/vc_row][vc_row full_width=&#8221;stretch_row&#8221; equal_height=&#8221;yes&#8221; content_placement=&#8221;middle&#8221; css=&#8221;.vc_custom_1605649950862{margin-top: 20px !important;margin-bottom: 0px !important;padding-bottom: 0px !important;}&#8221;][vc_column css_animation=&#8221;bottom-to-top&#8221; css=&#8221;.vc_custom_1605268405029{background-position: center !important;background-repeat: no-repeat !important;background-size: cover !important;}&#8221;]<div class=\"gem-button-container gem-button-position-center thegem-button-69f6365bd051f611\" ><a class=\"gem-button gem-button-size-large gem-button-style-outline gem-button-text-weight-normal gem-button-border-2\" style=\"border-radius: 10px;border-color: #3c3950;color: #3c3950;\" onmouseleave=\"this.style.borderColor='#3c3950';this.style.backgroundColor='transparent';this.style.color='#3c3950';\" onmouseenter=\"this.style.borderColor='#3c3950';this.style.backgroundColor='#3c3950';this.style.color='#ffffff';\" href=\"mailto:info@aehg-laplata.org.ar\" target=\"_blank\">Requisitos<\/a><\/div> [\/vc_column][\/vc_row][vc_row][vc_column]<div class=\"clearboth\"><\/div><div class=\"gem-divider \" style=\"margin-top: 30px;\"><\/div>[\/vc_column][\/vc_row]<\/p>\n","protected":false},"excerpt":{"rendered":"<p>[vc_row full_width=&#8221;stretch_row&#8221;][vc_column][vc_single_image image=&#8221;637&#8243; img_size=&#8221;large&#8221; alignment=&#8221;center&#8221;][\/vc_column][\/vc_row][vc_row full_width=&#8221;stretch_row_content_no_spaces&#8221; equal_height=&#8221;yes&#8221; content_placement=&#8221;middle&#8221; css=&#8221;.vc_custom_1601744680350{margin-top: 20px !important;margin-bottom: 0px !important;padding-bottom: 0px !important;background-color: #f0f3f2 !important;}&#8221;][vc_column width=&#8221;1\/2&#8243; css_animation=&#8221;bottom-to-top&#8221; css=&#8221;.vc_custom_1605730499202{background-image:&#8230;<\/p>\n","protected":false},"author":1,"featured_media":0,"parent":428,"menu_order":0,"comment_status":"closed","ping_status":"closed","template":"","meta":[],"yoast_head":"<!-- This site is optimized with the Yoast SEO plugin v17.2.1 - https:\/\/yoast.com\/wordpress\/plugins\/seo\/ -->\n<title>T\u00e9cnico Superior en Servicios Gastron\u00f3micos - AEHG La Plata<\/title>\n<meta name=\"robots\" content=\"index, follow, max-snippet:-1, max-image-preview:large, max-video-preview:-1\" \/>\n<link rel=\"canonical\" href=\"https:\/\/aehg-laplata.org.ar\/nueva\/instituto-superior-angel-salvadori\/tecnico-superior-en-servicios-gastronomicos\/\" \/>\n<meta property=\"og:locale\" content=\"es_ES\" \/>\n<meta property=\"og:type\" content=\"article\" \/>\n<meta property=\"og:title\" content=\"T\u00e9cnico Superior en Servicios Gastron\u00f3micos - AEHG La Plata\" \/>\n<meta property=\"og:description\" content=\"[vc_row full_width=&#8221;stretch_row&#8221;][vc_column][vc_single_image image=&#8221;637&#8243; img_size=&#8221;large&#8221; alignment=&#8221;center&#8221;][\/vc_column][\/vc_row][vc_row full_width=&#8221;stretch_row_content_no_spaces&#8221; equal_height=&#8221;yes&#8221; content_placement=&#8221;middle&#8221; css=&#8221;.vc_custom_1601744680350{margin-top: 20px !important;margin-bottom: 0px !important;padding-bottom: 0px !important;background-color: #f0f3f2 !important;}&#8221;][vc_column width=&#8221;1\/2&#8243; css_animation=&#8221;bottom-to-top&#8221; css=&#8221;.vc_custom_1605730499202{background-image:...\" \/>\n<meta property=\"og:url\" content=\"https:\/\/aehg-laplata.org.ar\/nueva\/instituto-superior-angel-salvadori\/tecnico-superior-en-servicios-gastronomicos\/\" \/>\n<meta property=\"og:site_name\" content=\"AEHG La Plata\" \/>\n<meta property=\"article:publisher\" content=\"https:\/\/www.facebook.com\/AehgLaPlataOK\/\" \/>\n<meta property=\"article:modified_time\" content=\"2021-07-20T12:30:56+00:00\" \/>\n<meta name=\"twitter:card\" content=\"summary_large_image\" \/>\n<meta name=\"twitter:label1\" content=\"Tiempo de lectura\" \/>\n\t<meta name=\"twitter:data1\" content=\"2 minutos\" \/>\n<script type=\"application\/ld+json\" class=\"yoast-schema-graph\">{\"@context\":\"https:\/\/schema.org\",\"@graph\":[{\"@type\":\"WebSite\",\"@id\":\"https:\/\/aehg-laplata.org.ar\/nueva\/#website\",\"url\":\"https:\/\/aehg-laplata.org.ar\/nueva\/\",\"name\":\"AEHG La Plata\",\"description\":\"\",\"potentialAction\":[{\"@type\":\"SearchAction\",\"target\":{\"@type\":\"EntryPoint\",\"urlTemplate\":\"https:\/\/aehg-laplata.org.ar\/nueva\/?s={search_term_string}\"},\"query-input\":\"required name=search_term_string\"}],\"inLanguage\":\"es-AR\"},{\"@type\":\"WebPage\",\"@id\":\"https:\/\/aehg-laplata.org.ar\/nueva\/instituto-superior-angel-salvadori\/tecnico-superior-en-servicios-gastronomicos\/#webpage\",\"url\":\"https:\/\/aehg-laplata.org.ar\/nueva\/instituto-superior-angel-salvadori\/tecnico-superior-en-servicios-gastronomicos\/\",\"name\":\"T\\u00e9cnico Superior en Servicios Gastron\\u00f3micos - AEHG La Plata\",\"isPartOf\":{\"@id\":\"https:\/\/aehg-laplata.org.ar\/nueva\/#website\"},\"datePublished\":\"2020-11-13T11:31:50+00:00\",\"dateModified\":\"2021-07-20T12:30:56+00:00\",\"breadcrumb\":{\"@id\":\"https:\/\/aehg-laplata.org.ar\/nueva\/instituto-superior-angel-salvadori\/tecnico-superior-en-servicios-gastronomicos\/#breadcrumb\"},\"inLanguage\":\"es-AR\",\"potentialAction\":[{\"@type\":\"ReadAction\",\"target\":[\"https:\/\/aehg-laplata.org.ar\/nueva\/instituto-superior-angel-salvadori\/tecnico-superior-en-servicios-gastronomicos\/\"]}]},{\"@type\":\"BreadcrumbList\",\"@id\":\"https:\/\/aehg-laplata.org.ar\/nueva\/instituto-superior-angel-salvadori\/tecnico-superior-en-servicios-gastronomicos\/#breadcrumb\",\"itemListElement\":[{\"@type\":\"ListItem\",\"position\":1,\"name\":\"Inicio\",\"item\":\"https:\/\/aehg-laplata.org.ar\/nueva\/\"},{\"@type\":\"ListItem\",\"position\":2,\"name\":\"Instituto Superior \\u00c1ngel Salvadori\",\"item\":\"https:\/\/aehg-laplata.org.ar\/nueva\/instituto-superior-angel-salvadori\/\"},{\"@type\":\"ListItem\",\"position\":3,\"name\":\"T\\u00e9cnico Superior en Servicios Gastron\\u00f3micos\"}]}]}<\/script>\n<!-- \/ Yoast SEO plugin. -->","yoast_head_json":{"title":"T\u00e9cnico Superior en Servicios Gastron\u00f3micos - AEHG La Plata","robots":{"index":"index","follow":"follow","max-snippet":"max-snippet:-1","max-image-preview":"max-image-preview:large","max-video-preview":"max-video-preview:-1"},"canonical":"https:\/\/aehg-laplata.org.ar\/nueva\/instituto-superior-angel-salvadori\/tecnico-superior-en-servicios-gastronomicos\/","og_locale":"es_ES","og_type":"article","og_title":"T\u00e9cnico Superior en Servicios Gastron\u00f3micos - AEHG La Plata","og_description":"[vc_row full_width=&#8221;stretch_row&#8221;][vc_column][vc_single_image image=&#8221;637&#8243; img_size=&#8221;large&#8221; alignment=&#8221;center&#8221;][\/vc_column][\/vc_row][vc_row full_width=&#8221;stretch_row_content_no_spaces&#8221; equal_height=&#8221;yes&#8221; content_placement=&#8221;middle&#8221; css=&#8221;.vc_custom_1601744680350{margin-top: 20px !important;margin-bottom: 0px !important;padding-bottom: 0px !important;background-color: #f0f3f2 !important;}&#8221;][vc_column width=&#8221;1\/2&#8243; css_animation=&#8221;bottom-to-top&#8221; css=&#8221;.vc_custom_1605730499202{background-image:...","og_url":"https:\/\/aehg-laplata.org.ar\/nueva\/instituto-superior-angel-salvadori\/tecnico-superior-en-servicios-gastronomicos\/","og_site_name":"AEHG La Plata","article_publisher":"https:\/\/www.facebook.com\/AehgLaPlataOK\/","article_modified_time":"2021-07-20T12:30:56+00:00","twitter_card":"summary_large_image","twitter_misc":{"Tiempo de lectura":"2 minutos"},"schema":{"@context":"https:\/\/schema.org","@graph":[{"@type":"WebSite","@id":"https:\/\/aehg-laplata.org.ar\/nueva\/#website","url":"https:\/\/aehg-laplata.org.ar\/nueva\/","name":"AEHG La Plata","description":"","potentialAction":[{"@type":"SearchAction","target":{"@type":"EntryPoint","urlTemplate":"https:\/\/aehg-laplata.org.ar\/nueva\/?s={search_term_string}"},"query-input":"required name=search_term_string"}],"inLanguage":"es-AR"},{"@type":"WebPage","@id":"https:\/\/aehg-laplata.org.ar\/nueva\/instituto-superior-angel-salvadori\/tecnico-superior-en-servicios-gastronomicos\/#webpage","url":"https:\/\/aehg-laplata.org.ar\/nueva\/instituto-superior-angel-salvadori\/tecnico-superior-en-servicios-gastronomicos\/","name":"T\u00e9cnico Superior en Servicios Gastron\u00f3micos - AEHG La Plata","isPartOf":{"@id":"https:\/\/aehg-laplata.org.ar\/nueva\/#website"},"datePublished":"2020-11-13T11:31:50+00:00","dateModified":"2021-07-20T12:30:56+00:00","breadcrumb":{"@id":"https:\/\/aehg-laplata.org.ar\/nueva\/instituto-superior-angel-salvadori\/tecnico-superior-en-servicios-gastronomicos\/#breadcrumb"},"inLanguage":"es-AR","potentialAction":[{"@type":"ReadAction","target":["https:\/\/aehg-laplata.org.ar\/nueva\/instituto-superior-angel-salvadori\/tecnico-superior-en-servicios-gastronomicos\/"]}]},{"@type":"BreadcrumbList","@id":"https:\/\/aehg-laplata.org.ar\/nueva\/instituto-superior-angel-salvadori\/tecnico-superior-en-servicios-gastronomicos\/#breadcrumb","itemListElement":[{"@type":"ListItem","position":1,"name":"Inicio","item":"https:\/\/aehg-laplata.org.ar\/nueva\/"},{"@type":"ListItem","position":2,"name":"Instituto Superior \u00c1ngel Salvadori","item":"https:\/\/aehg-laplata.org.ar\/nueva\/instituto-superior-angel-salvadori\/"},{"@type":"ListItem","position":3,"name":"T\u00e9cnico Superior en Servicios Gastron\u00f3micos"}]}]}},"_links":{"self":[{"href":"https:\/\/aehg-laplata.org.ar\/nueva\/wp-json\/wp\/v2\/pages\/457"}],"collection":[{"href":"https:\/\/aehg-laplata.org.ar\/nueva\/wp-json\/wp\/v2\/pages"}],"about":[{"href":"https:\/\/aehg-laplata.org.ar\/nueva\/wp-json\/wp\/v2\/types\/page"}],"author":[{"embeddable":true,"href":"https:\/\/aehg-laplata.org.ar\/nueva\/wp-json\/wp\/v2\/users\/1"}],"replies":[{"embeddable":true,"href":"https:\/\/aehg-laplata.org.ar\/nueva\/wp-json\/wp\/v2\/comments?post=457"}],"version-history":[{"count":10,"href":"https:\/\/aehg-laplata.org.ar\/nueva\/wp-json\/wp\/v2\/pages\/457\/revisions"}],"predecessor-version":[{"id":1047,"href":"https:\/\/aehg-laplata.org.ar\/nueva\/wp-json\/wp\/v2\/pages\/457\/revisions\/1047"}],"up":[{"embeddable":true,"href":"https:\/\/aehg-laplata.org.ar\/nueva\/wp-json\/wp\/v2\/pages\/428"}],"wp:attachment":[{"href":"https:\/\/aehg-laplata.org.ar\/nueva\/wp-json\/wp\/v2\/media?parent=457"}],"curies":[{"name":"wp","href":"https:\/\/api.w.org\/{rel}","templated":true}]}}