{"id":455,"date":"2020-11-13T08:31:05","date_gmt":"2020-11-13T11:31:05","guid":{"rendered":"https:\/\/aehg-laplata.org.ar\/nueva\/?page_id=455"},"modified":"2020-11-19T10:27:02","modified_gmt":"2020-11-19T13:27:02","slug":"tecnico-superior-en-guia-de-turismo","status":"publish","type":"page","link":"https:\/\/aehg-laplata.org.ar\/nueva\/instituto-superior-angel-salvadori\/tecnico-superior-en-guia-de-turismo\/","title":{"rendered":"T\u00e9cnico Superior en Gu\u00eda de Turismo"},"content":{"rendered":"<p>[vc_row full_width=&#8221;stretch_row&#8221;][vc_column][vc_single_image image=&#8221;637&#8243; img_size=&#8221;large&#8221; alignment=&#8221;center&#8221;][\/vc_column][\/vc_row][vc_row full_width=&#8221;stretch_row_content_no_spaces&#8221; equal_height=&#8221;yes&#8221; content_placement=&#8221;middle&#8221; css=&#8221;.vc_custom_1601744680350{margin-top: 20px !important;margin-bottom: 0px !important;padding-bottom: 0px !important;background-color: #f0f3f2 !important;}&#8221;][vc_column css_animation=&#8221;bottom-to-top&#8221; width=&#8221;1\/2&#8243; css=&#8221;.vc_custom_1605273459412{background-image: url(https:\/\/aehg-laplata.org.ar\/nueva\/wp-content\/uploads\/aehg-instituto-04.jpg?id=440) !important;background-position: center !important;background-repeat: no-repeat !important;background-size: cover !important;}&#8221;]<div class=\"clearboth\"><\/div><div class=\"gem-divider \" style=\"margin-top: 300px;\"><\/div>[\/vc_column][vc_column width=&#8221;1\/2&#8243; disable_custom_paddings_tablet=&#8221;true&#8221; disable_custom_paddings_mobile=&#8221;true&#8221; css=&#8221;.vc_custom_1542290229812{padding-right: 110px !important;padding-left: 110px !important;}&#8221;]<div class=\"clearboth\"><\/div><div class=\"gem-divider \" style=\"margin-top: 50px;\"><\/div>[vc_column_text css_animation=&#8221;bottom-to-top&#8221;]<\/p>\n<h2>T\u00e9cnico Superior en Gu\u00eda de Turismo<\/h2>\n<p>[\/vc_column_text]<div class=\"clearboth\"><\/div><div class=\"gem-divider \" style=\"margin-top: 30px;\"><\/div>[vc_column_text]<\/p>\n<div class=\"styled-subtitle\">Carrera con T\u00edtulo Oficial de tres a\u00f1os de estudio<br \/>\n(RES N\u00b0 279\/03)<\/div>\n<p>[\/vc_column_text]<div class=\"clearboth\"><\/div><div class=\"gem-divider \" style=\"margin-top: 30px;\"><\/div><div class=\"gem-button-container gem-button-position-left thegem-button-69f634dd6bcb05154\" ><a title=\"Consultas e inscripci\u00f3n\" class=\"gem-button gem-button-size-medium gem-button-style-outline gem-button-text-weight-normal gem-button-border-2\" style=\"border-radius: 10px;border-color: #3c3950;color: #3c3950;\" onmouseleave=\"this.style.borderColor='#3c3950';this.style.backgroundColor='transparent';this.style.color='#3c3950';\" onmouseenter=\"this.style.borderColor='#3c3950';this.style.backgroundColor='#3c3950';this.style.color='#ffffff';\" href=\"http:\/\/aehg-laplata.org.ar\/nueva\/instituto-superior-angel-salvadori\/consultas-e-inscripcion\/\" target=\"_self\">Consultas e Inscripci\u00f3n<\/a><\/div> <div class=\"clearboth\"><\/div><div class=\"gem-divider \" style=\"margin-top: 30px;\"><\/div>[\/vc_column][\/vc_row][vc_row full_width=&#8221;stretch_row&#8221; equal_height=&#8221;yes&#8221; css=&#8221;.vc_custom_1605268330520{margin-top: 40px !important;}&#8221;][vc_column width=&#8221;1\/3&#8243;][vc_column_text]<\/p>\n<h4 style=\"text-align: center;\">Perfil<\/h4>\n<p>[\/vc_column_text][vc_column_text]El\u00a0Gu\u00eda de Turismo estar\u00e1 capacitado para trabajar a nivel local, regional e internacional, actuando en diferentes niveles en el proceso de investigaci\u00f3n, difusi\u00f3n, distribuci\u00f3n y prestaci\u00f3n de servicios para el tiempo libre que den respuesta a las necesidades de los visitantes, mediante un aprovechamiento integral de los recursos naturales y culturales.<\/p>\n<p>Se lo define como un profesional id\u00f3neo para interpretar y transmitir las variables temporales y espaciales del medio que lo rodea como conocedor del patrimonio natural, cultural y transmisor de informaci\u00f3n correspondiente. As\u00ed como l\u00edder situacional respondiendo a las necesidades conductuales y comportamentales inherentes a los grupos, a trav\u00e9s la utilizaci\u00f3n de las t\u00e9cnicas de animaci\u00f3n, recreaci\u00f3n y comunicaci\u00f3n que le competen. \u00c9ste deber\u00e1 asumir la responsabilidad por la intermediaci\u00f3n de los servicios tur\u00edsticos respondiendo a la figura del organizador por la que fueron contratados sus servicios profesionales.[\/vc_column_text][\/vc_column][vc_column width=&#8221;1\/3&#8243;][vc_column_text]<\/p>\n<h4 style=\"text-align: center;\">\u00c1rea Ocupacional<\/h4>\n<p>[\/vc_column_text][vc_column_text]El desempe\u00f1o del graduado en la\u00a0Tecnicatura Superior en Gu\u00eda de Turismo se desarrolla en espacios comunitarios en los que se realizan actividades vinculadas con atractivos naturales y culturales, \u00e1reas naturales protegidas, organizaciones prestadoras de servicios (parques tem\u00e1ticos, SPA, resorts, hoteles, empresas de recreaci\u00f3n), sitios de recreaci\u00f3n para grupos especiales, instituciones educativas, clubes, entre otros.<\/p>\n<p>Su actuaci\u00f3n profesional podr\u00e1 realizarse en el \u00e1mbito de las organizaciones gubernamentales, no gubernamentales, intermedias, sindicatos, asociaciones y servicios comunitarios.[\/vc_column_text][\/vc_column][vc_column width=&#8221;1\/3&#8243;][vc_column_text]<\/p>\n<h4 style=\"text-align: center;\">\u00c1reas y Competencias<\/h4>\n<p>[\/vc_column_text][vc_column_text]- Acompa\u00f1ar, orientar, transmitir e informaci\u00f3n a personas o grupos en visitas, excursiones y viajes como coordinador de empresas de viajes y turismo.<br \/>\n&#8211; Dise\u00f1ar, programar, ejecutar y evaluar actividades socio-culturales en el tiempo libre, mediante la aplicaci\u00f3n de t\u00e9cnicas de programaci\u00f3n de circuitos, con la finalidad de vender opcionales a los turistas y aprovechar la participaci\u00f3n de todas las comunidades del pa\u00eds en el proceso de desarrollo econ\u00f3mico y social, haciendo conocer al visitante la ventajas que \u00e9stas ofrecen.<br \/>\n&#8211; Programar, organizar y ejecutar emprendimientos relacionados con actividades recreativas: l\u00fadicas, festivas y culturales; poniendo \u00e9nfasis en los aspectos preventivos y terap\u00e9uticos, favoreciendo la capacidad de las personas para disfrutar y desarrollarse en su tiempo libre.<br \/>\n&#8211; Asesorar y vender servicios opcionales y brindar la informaci\u00f3n pertinente sobre los mismos, explicando espec\u00edficamente las situaciones de riesgo que el circuito presente, as\u00ed como tambi\u00e9n advertirles con claridad sobre enfermedades preexistentes, hipertensi\u00f3n, embarazos, afecciones card\u00edacas o cualquier otra que el Gu\u00eda reconozca como importante para la no intervenci\u00f3n del visitante a los mismos, velando por su salud y cuidado personal.<br \/>\n&#8211; Ejecutar y evaluar actividades interpretativas en recursos naturales y culturales. Entendiendo la interpretaci\u00f3n como una modalidad de educaci\u00f3n ambiental no formal, que se realiza en el sitio en el que se encuentra el recurso original. Crea las condiciones para la protecci\u00f3n de las \u00e1reas, dirigiendo la atenci\u00f3n del p\u00fablico hacia zonas de mayor tolerancia de uso intensivo, contribuyendo as\u00ed al mejoramiento ambiental de las mismas.[\/vc_column_text][\/vc_column][\/vc_row][vc_row full_width=&#8221;stretch_row&#8221; equal_height=&#8221;yes&#8221; content_placement=&#8221;middle&#8221; css=&#8221;.vc_custom_1605268708032{margin-top: 20px !important;margin-bottom: 0px !important;padding-bottom: 0px !important;background-color: #f0f3f2 !important;}&#8221;][vc_column css_animation=&#8221;bottom-to-top&#8221; css=&#8221;.vc_custom_1605268405029{background-position: center !important;background-repeat: no-repeat !important;background-size: cover !important;}&#8221;][vc_column_text]<\/p>\n<h2 style=\"text-align: center;\">Plan de Estudios<\/h2>\n<p>[\/vc_column_text][vc_separator color=&#8221;custom&#8221; border_width=&#8221;3&#8243; el_width=&#8221;40&#8243; accent_color=&#8221;#00205a&#8221;]<div class=\"clearboth\"><\/div><div class=\"gem-divider \" style=\"margin-top: 20px;\"><\/div>[vc_row_inner][vc_column_inner width=&#8221;1\/3&#8243;][vc_column_text]<\/p>\n<h4>1\u00b0 a\u00f1o<\/h4>\n<p>[\/vc_column_text][vc_column_text]- Ingl\u00e9s I<br \/>\n&#8211; Psicolog\u00eda Social<br \/>\n&#8211; Metodolog\u00eda de Investigaci\u00f3n<br \/>\n&#8211; Introducci\u00f3n al Turismo<br \/>\n&#8211; Servicios Tur\u00edsticos<br \/>\n&#8211; Historia Argentina<br \/>\n&#8211; Historia del Arte Universal<br \/>\n&#8211; Estudio del Espacio Tur\u00edstico de Argentina y Am\u00e9rica<br \/>\n&#8211; Patrimonio Tur\u00edstico de Argentina y Am\u00e9rica<br \/>\n&#8211; Pr\u00e1ctica Profesional I<br \/>\n&#8211; EDI: Portugu\u00e9s I[\/vc_column_text][\/vc_column_inner][vc_column_inner width=&#8221;1\/3&#8243;][vc_column_text]<\/p>\n<h4>2\u00b0 a\u00f1o<\/h4>\n<p>[\/vc_column_text][vc_column_text]- Ingl\u00e9s II<br \/>\n&#8211; Programaci\u00f3n de Circuitos Tur\u00edsticos<br \/>\n&#8211; Historia de las Culturas<br \/>\n&#8211; Estudio del Espacio Tur\u00edstico de Europa, \u00c1frica, Asia y Ocean\u00eda<br \/>\n&#8211; Patrimonio Tur\u00edstico de Europa, \u00c1frica, Asia y Ocean\u00eda<br \/>\n&#8211; Recreaci\u00f3n y Animaci\u00f3n Sociocultural<br \/>\n&#8211; Pr\u00e1ctica Profesional II<br \/>\n&#8211; EDI: Portugu\u00e9s II[\/vc_column_text][\/vc_column_inner][vc_column_inner width=&#8221;1\/3&#8243;][vc_column_text]<\/p>\n<h4>3\u00b0 a\u00f1o<\/h4>\n<p>[\/vc_column_text][vc_column_text]- Ingl\u00e9s III<br \/>\n&#8211; Conservaci\u00f3n del Medio Ambiente<br \/>\n&#8211; Legislaci\u00f3n<br \/>\n&#8211; Historia del Arte Argentino y Latinoamericano<br \/>\n&#8211; Folklore<br \/>\n&#8211; Inform\u00e1tica<br \/>\n&#8211; Pr\u00e1ctica Profesional III<br \/>\n&#8211; EDI: Portugu\u00e9s III[\/vc_column_text][\/vc_column_inner][\/vc_row_inner][\/vc_column][\/vc_row][vc_row full_width=&#8221;stretch_row&#8221; equal_height=&#8221;yes&#8221; content_placement=&#8221;middle&#8221; css=&#8221;.vc_custom_1605650069086{margin-top: 20px !important;margin-bottom: 0px !important;padding-bottom: 0px !important;}&#8221;][vc_column css_animation=&#8221;bottom-to-top&#8221; css=&#8221;.vc_custom_1605268405029{background-position: center !important;background-repeat: no-repeat !important;background-size: cover !important;}&#8221;]<div class=\"gem-button-container gem-button-position-center thegem-button-69f634dd6bd069999\" ><a class=\"gem-button gem-button-size-large gem-button-style-outline gem-button-text-weight-normal gem-button-border-2\" style=\"border-radius: 10px;border-color: #3c3950;color: #3c3950;\" onmouseleave=\"this.style.borderColor='#3c3950';this.style.backgroundColor='transparent';this.style.color='#3c3950';\" onmouseenter=\"this.style.borderColor='#3c3950';this.style.backgroundColor='#3c3950';this.style.color='#ffffff';\" href=\"mailto:info@aehg-laplata.org.ar\" target=\"_blank\">Requisitos<\/a><\/div> [\/vc_column][\/vc_row][vc_row][vc_column]<div class=\"clearboth\"><\/div><div class=\"gem-divider \" style=\"margin-top: 30px;\"><\/div>[\/vc_column][\/vc_row]<\/p>\n","protected":false},"excerpt":{"rendered":"<p>[vc_row full_width=&#8221;stretch_row&#8221;][vc_column][vc_single_image image=&#8221;637&#8243; img_size=&#8221;large&#8221; alignment=&#8221;center&#8221;][\/vc_column][\/vc_row][vc_row full_width=&#8221;stretch_row_content_no_spaces&#8221; equal_height=&#8221;yes&#8221; content_placement=&#8221;middle&#8221; css=&#8221;.vc_custom_1601744680350{margin-top: 20px !important;margin-bottom: 0px !important;padding-bottom: 0px !important;background-color: #f0f3f2 !important;}&#8221;][vc_column css_animation=&#8221;bottom-to-top&#8221; width=&#8221;1\/2&#8243; css=&#8221;.vc_custom_1605273459412{background-image:&#8230;<\/p>\n","protected":false},"author":1,"featured_media":0,"parent":428,"menu_order":0,"comment_status":"closed","ping_status":"closed","template":"","meta":[],"yoast_head":"<!-- This site is optimized with the Yoast SEO plugin v17.2.1 - https:\/\/yoast.com\/wordpress\/plugins\/seo\/ -->\n<title>T\u00e9cnico Superior en Gu\u00eda de Turismo - AEHG La Plata<\/title>\n<meta name=\"robots\" content=\"index, follow, max-snippet:-1, max-image-preview:large, max-video-preview:-1\" \/>\n<link rel=\"canonical\" href=\"https:\/\/aehg-laplata.org.ar\/nueva\/instituto-superior-angel-salvadori\/tecnico-superior-en-guia-de-turismo\/\" \/>\n<meta property=\"og:locale\" content=\"es_ES\" \/>\n<meta property=\"og:type\" content=\"article\" \/>\n<meta property=\"og:title\" content=\"T\u00e9cnico Superior en Gu\u00eda de Turismo - AEHG La Plata\" \/>\n<meta property=\"og:description\" content=\"[vc_row full_width=&#8221;stretch_row&#8221;][vc_column][vc_single_image image=&#8221;637&#8243; img_size=&#8221;large&#8221; alignment=&#8221;center&#8221;][\/vc_column][\/vc_row][vc_row full_width=&#8221;stretch_row_content_no_spaces&#8221; equal_height=&#8221;yes&#8221; content_placement=&#8221;middle&#8221; css=&#8221;.vc_custom_1601744680350{margin-top: 20px !important;margin-bottom: 0px !important;padding-bottom: 0px !important;background-color: #f0f3f2 !important;}&#8221;][vc_column css_animation=&#8221;bottom-to-top&#8221; width=&#8221;1\/2&#8243; css=&#8221;.vc_custom_1605273459412{background-image:...\" \/>\n<meta property=\"og:url\" content=\"https:\/\/aehg-laplata.org.ar\/nueva\/instituto-superior-angel-salvadori\/tecnico-superior-en-guia-de-turismo\/\" \/>\n<meta property=\"og:site_name\" content=\"AEHG La Plata\" \/>\n<meta property=\"article:publisher\" content=\"https:\/\/www.facebook.com\/AehgLaPlataOK\/\" \/>\n<meta property=\"article:modified_time\" content=\"2020-11-19T13:27:02+00:00\" \/>\n<meta name=\"twitter:card\" content=\"summary_large_image\" \/>\n<meta name=\"twitter:label1\" content=\"Tiempo de lectura\" \/>\n\t<meta name=\"twitter:data1\" content=\"6 minutos\" \/>\n<script type=\"application\/ld+json\" class=\"yoast-schema-graph\">{\"@context\":\"https:\/\/schema.org\",\"@graph\":[{\"@type\":\"WebSite\",\"@id\":\"https:\/\/aehg-laplata.org.ar\/nueva\/#website\",\"url\":\"https:\/\/aehg-laplata.org.ar\/nueva\/\",\"name\":\"AEHG La Plata\",\"description\":\"\",\"potentialAction\":[{\"@type\":\"SearchAction\",\"target\":{\"@type\":\"EntryPoint\",\"urlTemplate\":\"https:\/\/aehg-laplata.org.ar\/nueva\/?s={search_term_string}\"},\"query-input\":\"required name=search_term_string\"}],\"inLanguage\":\"es-AR\"},{\"@type\":\"WebPage\",\"@id\":\"https:\/\/aehg-laplata.org.ar\/nueva\/instituto-superior-angel-salvadori\/tecnico-superior-en-guia-de-turismo\/#webpage\",\"url\":\"https:\/\/aehg-laplata.org.ar\/nueva\/instituto-superior-angel-salvadori\/tecnico-superior-en-guia-de-turismo\/\",\"name\":\"T\\u00e9cnico Superior en Gu\\u00eda de Turismo - AEHG La Plata\",\"isPartOf\":{\"@id\":\"https:\/\/aehg-laplata.org.ar\/nueva\/#website\"},\"datePublished\":\"2020-11-13T11:31:05+00:00\",\"dateModified\":\"2020-11-19T13:27:02+00:00\",\"breadcrumb\":{\"@id\":\"https:\/\/aehg-laplata.org.ar\/nueva\/instituto-superior-angel-salvadori\/tecnico-superior-en-guia-de-turismo\/#breadcrumb\"},\"inLanguage\":\"es-AR\",\"potentialAction\":[{\"@type\":\"ReadAction\",\"target\":[\"https:\/\/aehg-laplata.org.ar\/nueva\/instituto-superior-angel-salvadori\/tecnico-superior-en-guia-de-turismo\/\"]}]},{\"@type\":\"BreadcrumbList\",\"@id\":\"https:\/\/aehg-laplata.org.ar\/nueva\/instituto-superior-angel-salvadori\/tecnico-superior-en-guia-de-turismo\/#breadcrumb\",\"itemListElement\":[{\"@type\":\"ListItem\",\"position\":1,\"name\":\"Inicio\",\"item\":\"https:\/\/aehg-laplata.org.ar\/nueva\/\"},{\"@type\":\"ListItem\",\"position\":2,\"name\":\"Instituto Superior \\u00c1ngel Salvadori\",\"item\":\"https:\/\/aehg-laplata.org.ar\/nueva\/instituto-superior-angel-salvadori\/\"},{\"@type\":\"ListItem\",\"position\":3,\"name\":\"T\\u00e9cnico Superior en Gu\\u00eda de Turismo\"}]}]}<\/script>\n<!-- \/ Yoast SEO plugin. -->","yoast_head_json":{"title":"T\u00e9cnico Superior en Gu\u00eda de Turismo - AEHG La Plata","robots":{"index":"index","follow":"follow","max-snippet":"max-snippet:-1","max-image-preview":"max-image-preview:large","max-video-preview":"max-video-preview:-1"},"canonical":"https:\/\/aehg-laplata.org.ar\/nueva\/instituto-superior-angel-salvadori\/tecnico-superior-en-guia-de-turismo\/","og_locale":"es_ES","og_type":"article","og_title":"T\u00e9cnico Superior en Gu\u00eda de Turismo - AEHG La Plata","og_description":"[vc_row full_width=&#8221;stretch_row&#8221;][vc_column][vc_single_image image=&#8221;637&#8243; img_size=&#8221;large&#8221; alignment=&#8221;center&#8221;][\/vc_column][\/vc_row][vc_row full_width=&#8221;stretch_row_content_no_spaces&#8221; equal_height=&#8221;yes&#8221; content_placement=&#8221;middle&#8221; css=&#8221;.vc_custom_1601744680350{margin-top: 20px !important;margin-bottom: 0px !important;padding-bottom: 0px !important;background-color: #f0f3f2 !important;}&#8221;][vc_column css_animation=&#8221;bottom-to-top&#8221; width=&#8221;1\/2&#8243; css=&#8221;.vc_custom_1605273459412{background-image:...","og_url":"https:\/\/aehg-laplata.org.ar\/nueva\/instituto-superior-angel-salvadori\/tecnico-superior-en-guia-de-turismo\/","og_site_name":"AEHG La Plata","article_publisher":"https:\/\/www.facebook.com\/AehgLaPlataOK\/","article_modified_time":"2020-11-19T13:27:02+00:00","twitter_card":"summary_large_image","twitter_misc":{"Tiempo de lectura":"6 minutos"},"schema":{"@context":"https:\/\/schema.org","@graph":[{"@type":"WebSite","@id":"https:\/\/aehg-laplata.org.ar\/nueva\/#website","url":"https:\/\/aehg-laplata.org.ar\/nueva\/","name":"AEHG La Plata","description":"","potentialAction":[{"@type":"SearchAction","target":{"@type":"EntryPoint","urlTemplate":"https:\/\/aehg-laplata.org.ar\/nueva\/?s={search_term_string}"},"query-input":"required name=search_term_string"}],"inLanguage":"es-AR"},{"@type":"WebPage","@id":"https:\/\/aehg-laplata.org.ar\/nueva\/instituto-superior-angel-salvadori\/tecnico-superior-en-guia-de-turismo\/#webpage","url":"https:\/\/aehg-laplata.org.ar\/nueva\/instituto-superior-angel-salvadori\/tecnico-superior-en-guia-de-turismo\/","name":"T\u00e9cnico Superior en Gu\u00eda de Turismo - AEHG La Plata","isPartOf":{"@id":"https:\/\/aehg-laplata.org.ar\/nueva\/#website"},"datePublished":"2020-11-13T11:31:05+00:00","dateModified":"2020-11-19T13:27:02+00:00","breadcrumb":{"@id":"https:\/\/aehg-laplata.org.ar\/nueva\/instituto-superior-angel-salvadori\/tecnico-superior-en-guia-de-turismo\/#breadcrumb"},"inLanguage":"es-AR","potentialAction":[{"@type":"ReadAction","target":["https:\/\/aehg-laplata.org.ar\/nueva\/instituto-superior-angel-salvadori\/tecnico-superior-en-guia-de-turismo\/"]}]},{"@type":"BreadcrumbList","@id":"https:\/\/aehg-laplata.org.ar\/nueva\/instituto-superior-angel-salvadori\/tecnico-superior-en-guia-de-turismo\/#breadcrumb","itemListElement":[{"@type":"ListItem","position":1,"name":"Inicio","item":"https:\/\/aehg-laplata.org.ar\/nueva\/"},{"@type":"ListItem","position":2,"name":"Instituto Superior \u00c1ngel Salvadori","item":"https:\/\/aehg-laplata.org.ar\/nueva\/instituto-superior-angel-salvadori\/"},{"@type":"ListItem","position":3,"name":"T\u00e9cnico Superior en Gu\u00eda de Turismo"}]}]}},"_links":{"self":[{"href":"https:\/\/aehg-laplata.org.ar\/nueva\/wp-json\/wp\/v2\/pages\/455"}],"collection":[{"href":"https:\/\/aehg-laplata.org.ar\/nueva\/wp-json\/wp\/v2\/pages"}],"about":[{"href":"https:\/\/aehg-laplata.org.ar\/nueva\/wp-json\/wp\/v2\/types\/page"}],"author":[{"embeddable":true,"href":"https:\/\/aehg-laplata.org.ar\/nueva\/wp-json\/wp\/v2\/users\/1"}],"replies":[{"embeddable":true,"href":"https:\/\/aehg-laplata.org.ar\/nueva\/wp-json\/wp\/v2\/comments?post=455"}],"version-history":[{"count":8,"href":"https:\/\/aehg-laplata.org.ar\/nueva\/wp-json\/wp\/v2\/pages\/455\/revisions"}],"predecessor-version":[{"id":698,"href":"https:\/\/aehg-laplata.org.ar\/nueva\/wp-json\/wp\/v2\/pages\/455\/revisions\/698"}],"up":[{"embeddable":true,"href":"https:\/\/aehg-laplata.org.ar\/nueva\/wp-json\/wp\/v2\/pages\/428"}],"wp:attachment":[{"href":"https:\/\/aehg-laplata.org.ar\/nueva\/wp-json\/wp\/v2\/media?parent=455"}],"curies":[{"name":"wp","href":"https:\/\/api.w.org\/{rel}","templated":true}]}}