{"id":453,"date":"2020-11-13T08:30:24","date_gmt":"2020-11-13T11:30:24","guid":{"rendered":"https:\/\/aehg-laplata.org.ar\/nueva\/?page_id=453"},"modified":"2020-11-19T10:28:12","modified_gmt":"2020-11-19T13:28:12","slug":"tecnico-superior-en-hoteleria","status":"publish","type":"page","link":"https:\/\/aehg-laplata.org.ar\/nueva\/instituto-superior-angel-salvadori\/tecnico-superior-en-hoteleria\/","title":{"rendered":"T\u00e9cnico Superior en Hoteler\u00eda"},"content":{"rendered":"<p>[vc_row full_width=&#8221;stretch_row&#8221;][vc_column][vc_single_image image=&#8221;637&#8243; img_size=&#8221;large&#8221; alignment=&#8221;center&#8221;][\/vc_column][\/vc_row][vc_row full_width=&#8221;stretch_row_content_no_spaces&#8221; equal_height=&#8221;yes&#8221; content_placement=&#8221;middle&#8221; css=&#8221;.vc_custom_1601744680350{margin-top: 20px !important;margin-bottom: 0px !important;padding-bottom: 0px !important;background-color: #f0f3f2 !important;}&#8221;][vc_column css_animation=&#8221;bottom-to-top&#8221; width=&#8221;1\/2&#8243; css=&#8221;.vc_custom_1605730405481{background-image: url(https:\/\/aehg-laplata.org.ar\/nueva\/wp-content\/uploads\/aehg-instituto-hoteleria.jpg?id=677) !important;background-position: center !important;background-repeat: no-repeat !important;background-size: cover !important;}&#8221;]<div class=\"clearboth\"><\/div><div class=\"gem-divider \" style=\"margin-top: 300px;\"><\/div>[\/vc_column][vc_column width=&#8221;1\/2&#8243; disable_custom_paddings_tablet=&#8221;true&#8221; disable_custom_paddings_mobile=&#8221;true&#8221; css=&#8221;.vc_custom_1542290229812{padding-right: 110px !important;padding-left: 110px !important;}&#8221;]<div class=\"clearboth\"><\/div><div class=\"gem-divider \" style=\"margin-top: 50px;\"><\/div>[vc_column_text css_animation=&#8221;bottom-to-top&#8221;]<\/p>\n<h2>T\u00e9cnico Superior en Hoteler\u00eda<\/h2>\n<p>[\/vc_column_text]<div class=\"clearboth\"><\/div><div class=\"gem-divider \" style=\"margin-top: 30px;\"><\/div>[vc_column_text]<\/p>\n<div class=\"styled-subtitle\">Carrera con T\u00edtulo Oficial de tres a\u00f1os de estudio<br \/>\n(RES N\u00b0 278\/03)<\/div>\n<p>[\/vc_column_text]<div class=\"clearboth\"><\/div><div class=\"gem-divider \" style=\"margin-top: 30px;\"><\/div><div class=\"gem-button-container gem-button-position-left thegem-button-6a09104ad35375542\" ><a title=\"Consultas e inscripci\u00f3n\" class=\"gem-button gem-button-size-medium gem-button-style-outline gem-button-text-weight-normal gem-button-border-2\" style=\"border-radius: 10px;border-color: #3c3950;color: #3c3950;\" onmouseleave=\"this.style.borderColor='#3c3950';this.style.backgroundColor='transparent';this.style.color='#3c3950';\" onmouseenter=\"this.style.borderColor='#3c3950';this.style.backgroundColor='#3c3950';this.style.color='#ffffff';\" href=\"http:\/\/aehg-laplata.org.ar\/nueva\/instituto-superior-angel-salvadori\/consultas-e-inscripcion\/\" target=\"_self\">Consultas e Inscripci\u00f3n<\/a><\/div> <div class=\"clearboth\"><\/div><div class=\"gem-divider \" style=\"margin-top: 30px;\"><\/div>[\/vc_column][\/vc_row][vc_row full_width=&#8221;stretch_row&#8221; equal_height=&#8221;yes&#8221; css=&#8221;.vc_custom_1605268330520{margin-top: 40px !important;}&#8221;][vc_column width=&#8221;1\/3&#8243;][vc_column_text]<\/p>\n<h4 style=\"text-align: center;\">Perfil<\/h4>\n<p>[\/vc_column_text][vc_column_text]El\u00a0T\u00e9cnico Superior en Hoteler\u00eda\u00a0es un profesional que posee actitud de servicio, iniciativa, pensamiento cr\u00edtico y actuaci\u00f3n coherente para evaluar situaciones, capacidad para resolver problemas y tomar decisiones, dise\u00f1ar las tareas que se llevan a cabo en las diferentes \u00e1reas de una empresa de alojamiento las cuales abarcan aspectos de planificaci\u00f3n, organizaci\u00f3n operativa y control en los sectores de alimentos y bebidas, alojamiento, administraci\u00f3n, relaciones industriales, comercializaci\u00f3n, congresos y convenciones, seguridad y recreaci\u00f3n.[\/vc_column_text][\/vc_column][vc_column width=&#8221;1\/3&#8243;][vc_column_text]<\/p>\n<h4 style=\"text-align: center;\">\u00c1rea Ocupacional<\/h4>\n<p>[\/vc_column_text][vc_column_text]El\u00a0T\u00e9cnico Superior en Hoteler\u00eda\u00a0podr\u00e1 desempe\u00f1arse en relaci\u00f3n de dependencia, o en forma independiente gerenciando emprendimientos propios, en todo tipo de empresas que brinden servicios de alojamiento, en el \u00e1rea de alojamiento de empresas de transporte de pasajeros por v\u00eda terrestre, fluvial, mar\u00edtima y a\u00e9rea, o en empresas prestadoras de servicios a las mismas.[\/vc_column_text][\/vc_column][vc_column width=&#8221;1\/3&#8243;][vc_column_text]<\/p>\n<h4 style=\"text-align: center;\">\u00c1reas y Competencias<\/h4>\n<p>[\/vc_column_text][vc_column_text]-Dirigir hoteles y empresas de alojamiento de todo tipo.<br \/>\n-Planificar, organizar, asignar recursos y supervisar los diferentes sectores de una empresa de alojamiento: administrativo-contable, personal, pisos, alimentos y bebidas, seguridad y recepci\u00f3n.<br \/>\n-Organizar y controlar la producci\u00f3n de servicios de hospedaje y gastronom\u00eda, as\u00ed como la prestaci\u00f3n de servicios.<br \/>\n-Complementarios\u00a0 de informaci\u00f3n y asistencia al hu\u00e9sped.[\/vc_column_text][\/vc_column][\/vc_row][vc_row full_width=&#8221;stretch_row&#8221; equal_height=&#8221;yes&#8221; content_placement=&#8221;middle&#8221; css=&#8221;.vc_custom_1605268708032{margin-top: 20px !important;margin-bottom: 0px !important;padding-bottom: 0px !important;background-color: #f0f3f2 !important;}&#8221;][vc_column css_animation=&#8221;bottom-to-top&#8221; css=&#8221;.vc_custom_1605268405029{background-position: center !important;background-repeat: no-repeat !important;background-size: cover !important;}&#8221;][vc_column_text]<\/p>\n<h2 style=\"text-align: center;\">Plan de Estudios<\/h2>\n<p>[\/vc_column_text][vc_separator color=&#8221;custom&#8221; border_width=&#8221;3&#8243; el_width=&#8221;40&#8243; accent_color=&#8221;#00205a&#8221;]<div class=\"clearboth\"><\/div><div class=\"gem-divider \" style=\"margin-top: 20px;\"><\/div>[vc_row_inner][vc_column_inner width=&#8221;1\/3&#8243;][vc_column_text]<\/p>\n<h4>1\u00b0 a\u00f1o<\/h4>\n<p>[\/vc_column_text][vc_column_text]- Ingl\u00e9s I<br \/>\n&#8211; Psicolog\u00eda Social<br \/>\n&#8211; Metodolog\u00eda de Investigaci\u00f3n<br \/>\n&#8211; Introducci\u00f3n al Turismo<br \/>\n&#8211; Estad\u00edstica<br \/>\n&#8211; Relaciones P\u00fablicas y Congresos<br \/>\n&#8211; Administraci\u00f3n de Pisos<br \/>\n&#8211; Recepci\u00f3n y Conserjer\u00eda<br \/>\n&#8211; Organizaci\u00f3n Hotelera<br \/>\n&#8211; Inform\u00e1tica<br \/>\n&#8211; EDI: Franc\u00e9s I<br \/>\n&#8211; EDI: Portugu\u00e9s I[\/vc_column_text][\/vc_column_inner][vc_column_inner width=&#8221;1\/3&#8243;][vc_column_text]<\/p>\n<h4>2\u00b0 a\u00f1o<\/h4>\n<p>[\/vc_column_text][vc_column_text]- Ingl\u00e9s II<br \/>\n&#8211; Administraci\u00f3n de Personal<br \/>\n&#8211; Investigaci\u00f3n de Mercados<br \/>\n&#8211; Contabilidad Aplicada y Matem\u00e1tica Financiera<br \/>\n&#8211; Costos y Compras<br \/>\n&#8211; Alimentos y Bebidas I<br \/>\n&#8211; Recreaci\u00f3n y Animaci\u00f3n Sociocultural<br \/>\n&#8211; Pr\u00e1ctica Profesional I<br \/>\n&#8211; EDI: Franc\u00e9s II<br \/>\n&#8211; EDI: Portugu\u00e9s II[\/vc_column_text][\/vc_column_inner][vc_column_inner width=&#8221;1\/3&#8243;][vc_column_text]<\/p>\n<h4>3\u00b0 a\u00f1o<\/h4>\n<p>[\/vc_column_text][vc_column_text]- Ingl\u00e9s III<br \/>\n&#8211; Conservaci\u00f3n del Medio Ambiente<br \/>\n&#8211; Legislaci\u00f3n<br \/>\n&#8211; Direcci\u00f3n y Gesti\u00f3n de Empresas Hoteleras y Tur\u00edsticas<br \/>\n&#8211; Comercializaci\u00f3n de Productos Hoteleros y Tur\u00edsticos<br \/>\n&#8211; Alimentos y Bebidas II<br \/>\n&#8211; Sistemas de Alojamientos<br \/>\n&#8211; Pr\u00e1ctica Profesional II<br \/>\n&#8211; Dise\u00f1o, Ambientaci\u00f3n y Seguridad<br \/>\n&#8211; EDI: Franc\u00e9s III<br \/>\n&#8211; Portugu\u00e9s III[\/vc_column_text][\/vc_column_inner][\/vc_row_inner][\/vc_column][\/vc_row][vc_row full_width=&#8221;stretch_row&#8221; equal_height=&#8221;yes&#8221; content_placement=&#8221;middle&#8221; css=&#8221;.vc_custom_1605650007845{margin-top: 20px !important;margin-bottom: 0px !important;padding-bottom: 0px !important;}&#8221;][vc_column css_animation=&#8221;bottom-to-top&#8221; css=&#8221;.vc_custom_1605268405029{background-position: center !important;background-repeat: no-repeat !important;background-size: cover !important;}&#8221;]<div class=\"gem-button-container gem-button-position-center thegem-button-6a09104ad357e7854\" ><a class=\"gem-button gem-button-size-large gem-button-style-outline gem-button-text-weight-normal gem-button-border-2\" style=\"border-radius: 10px;border-color: #3c3950;color: #3c3950;\" onmouseleave=\"this.style.borderColor='#3c3950';this.style.backgroundColor='transparent';this.style.color='#3c3950';\" onmouseenter=\"this.style.borderColor='#3c3950';this.style.backgroundColor='#3c3950';this.style.color='#ffffff';\" href=\"mailto:info@aehg-laplata.org.ar\" target=\"_blank\">Requisitos<\/a><\/div> [\/vc_column][\/vc_row][vc_row][vc_column]<div class=\"clearboth\"><\/div><div class=\"gem-divider \" style=\"margin-top: 30px;\"><\/div>[\/vc_column][\/vc_row]<\/p>\n","protected":false},"excerpt":{"rendered":"<p>[vc_row full_width=&#8221;stretch_row&#8221;][vc_column][vc_single_image image=&#8221;637&#8243; img_size=&#8221;large&#8221; alignment=&#8221;center&#8221;][\/vc_column][\/vc_row][vc_row full_width=&#8221;stretch_row_content_no_spaces&#8221; equal_height=&#8221;yes&#8221; content_placement=&#8221;middle&#8221; css=&#8221;.vc_custom_1601744680350{margin-top: 20px !important;margin-bottom: 0px !important;padding-bottom: 0px !important;background-color: #f0f3f2 !important;}&#8221;][vc_column css_animation=&#8221;bottom-to-top&#8221; width=&#8221;1\/2&#8243; css=&#8221;.vc_custom_1605730405481{background-image:&#8230;<\/p>\n","protected":false},"author":1,"featured_media":0,"parent":428,"menu_order":0,"comment_status":"closed","ping_status":"closed","template":"","meta":[],"yoast_head":"<!-- This site is optimized with the Yoast SEO plugin v17.2.1 - https:\/\/yoast.com\/wordpress\/plugins\/seo\/ -->\n<title>T\u00e9cnico Superior en Hoteler\u00eda - AEHG La Plata<\/title>\n<meta name=\"robots\" content=\"index, follow, max-snippet:-1, max-image-preview:large, max-video-preview:-1\" \/>\n<link rel=\"canonical\" href=\"https:\/\/aehg-laplata.org.ar\/nueva\/instituto-superior-angel-salvadori\/tecnico-superior-en-hoteleria\/\" \/>\n<meta property=\"og:locale\" content=\"es_ES\" \/>\n<meta property=\"og:type\" content=\"article\" \/>\n<meta property=\"og:title\" content=\"T\u00e9cnico Superior en Hoteler\u00eda - AEHG La Plata\" \/>\n<meta property=\"og:description\" content=\"[vc_row full_width=&#8221;stretch_row&#8221;][vc_column][vc_single_image image=&#8221;637&#8243; img_size=&#8221;large&#8221; alignment=&#8221;center&#8221;][\/vc_column][\/vc_row][vc_row full_width=&#8221;stretch_row_content_no_spaces&#8221; equal_height=&#8221;yes&#8221; content_placement=&#8221;middle&#8221; css=&#8221;.vc_custom_1601744680350{margin-top: 20px !important;margin-bottom: 0px !important;padding-bottom: 0px !important;background-color: #f0f3f2 !important;}&#8221;][vc_column css_animation=&#8221;bottom-to-top&#8221; width=&#8221;1\/2&#8243; css=&#8221;.vc_custom_1605730405481{background-image:...\" \/>\n<meta property=\"og:url\" content=\"https:\/\/aehg-laplata.org.ar\/nueva\/instituto-superior-angel-salvadori\/tecnico-superior-en-hoteleria\/\" \/>\n<meta property=\"og:site_name\" content=\"AEHG La Plata\" \/>\n<meta property=\"article:publisher\" content=\"https:\/\/www.facebook.com\/AehgLaPlataOK\/\" \/>\n<meta property=\"article:modified_time\" content=\"2020-11-19T13:28:12+00:00\" \/>\n<meta name=\"twitter:card\" content=\"summary_large_image\" \/>\n<meta name=\"twitter:label1\" content=\"Tiempo de lectura\" \/>\n\t<meta name=\"twitter:data1\" content=\"5 minutos\" \/>\n<script type=\"application\/ld+json\" class=\"yoast-schema-graph\">{\"@context\":\"https:\/\/schema.org\",\"@graph\":[{\"@type\":\"WebSite\",\"@id\":\"https:\/\/aehg-laplata.org.ar\/nueva\/#website\",\"url\":\"https:\/\/aehg-laplata.org.ar\/nueva\/\",\"name\":\"AEHG La Plata\",\"description\":\"\",\"potentialAction\":[{\"@type\":\"SearchAction\",\"target\":{\"@type\":\"EntryPoint\",\"urlTemplate\":\"https:\/\/aehg-laplata.org.ar\/nueva\/?s={search_term_string}\"},\"query-input\":\"required name=search_term_string\"}],\"inLanguage\":\"es-AR\"},{\"@type\":\"WebPage\",\"@id\":\"https:\/\/aehg-laplata.org.ar\/nueva\/instituto-superior-angel-salvadori\/tecnico-superior-en-hoteleria\/#webpage\",\"url\":\"https:\/\/aehg-laplata.org.ar\/nueva\/instituto-superior-angel-salvadori\/tecnico-superior-en-hoteleria\/\",\"name\":\"T\\u00e9cnico Superior en Hoteler\\u00eda - AEHG La Plata\",\"isPartOf\":{\"@id\":\"https:\/\/aehg-laplata.org.ar\/nueva\/#website\"},\"datePublished\":\"2020-11-13T11:30:24+00:00\",\"dateModified\":\"2020-11-19T13:28:12+00:00\",\"breadcrumb\":{\"@id\":\"https:\/\/aehg-laplata.org.ar\/nueva\/instituto-superior-angel-salvadori\/tecnico-superior-en-hoteleria\/#breadcrumb\"},\"inLanguage\":\"es-AR\",\"potentialAction\":[{\"@type\":\"ReadAction\",\"target\":[\"https:\/\/aehg-laplata.org.ar\/nueva\/instituto-superior-angel-salvadori\/tecnico-superior-en-hoteleria\/\"]}]},{\"@type\":\"BreadcrumbList\",\"@id\":\"https:\/\/aehg-laplata.org.ar\/nueva\/instituto-superior-angel-salvadori\/tecnico-superior-en-hoteleria\/#breadcrumb\",\"itemListElement\":[{\"@type\":\"ListItem\",\"position\":1,\"name\":\"Inicio\",\"item\":\"https:\/\/aehg-laplata.org.ar\/nueva\/\"},{\"@type\":\"ListItem\",\"position\":2,\"name\":\"Instituto Superior \\u00c1ngel Salvadori\",\"item\":\"https:\/\/aehg-laplata.org.ar\/nueva\/instituto-superior-angel-salvadori\/\"},{\"@type\":\"ListItem\",\"position\":3,\"name\":\"T\\u00e9cnico Superior en Hoteler\\u00eda\"}]}]}<\/script>\n<!-- \/ Yoast SEO plugin. -->","yoast_head_json":{"title":"T\u00e9cnico Superior en Hoteler\u00eda - AEHG La Plata","robots":{"index":"index","follow":"follow","max-snippet":"max-snippet:-1","max-image-preview":"max-image-preview:large","max-video-preview":"max-video-preview:-1"},"canonical":"https:\/\/aehg-laplata.org.ar\/nueva\/instituto-superior-angel-salvadori\/tecnico-superior-en-hoteleria\/","og_locale":"es_ES","og_type":"article","og_title":"T\u00e9cnico Superior en Hoteler\u00eda - AEHG La Plata","og_description":"[vc_row full_width=&#8221;stretch_row&#8221;][vc_column][vc_single_image image=&#8221;637&#8243; img_size=&#8221;large&#8221; alignment=&#8221;center&#8221;][\/vc_column][\/vc_row][vc_row full_width=&#8221;stretch_row_content_no_spaces&#8221; equal_height=&#8221;yes&#8221; content_placement=&#8221;middle&#8221; css=&#8221;.vc_custom_1601744680350{margin-top: 20px !important;margin-bottom: 0px !important;padding-bottom: 0px !important;background-color: #f0f3f2 !important;}&#8221;][vc_column css_animation=&#8221;bottom-to-top&#8221; width=&#8221;1\/2&#8243; css=&#8221;.vc_custom_1605730405481{background-image:...","og_url":"https:\/\/aehg-laplata.org.ar\/nueva\/instituto-superior-angel-salvadori\/tecnico-superior-en-hoteleria\/","og_site_name":"AEHG La Plata","article_publisher":"https:\/\/www.facebook.com\/AehgLaPlataOK\/","article_modified_time":"2020-11-19T13:28:12+00:00","twitter_card":"summary_large_image","twitter_misc":{"Tiempo de lectura":"5 minutos"},"schema":{"@context":"https:\/\/schema.org","@graph":[{"@type":"WebSite","@id":"https:\/\/aehg-laplata.org.ar\/nueva\/#website","url":"https:\/\/aehg-laplata.org.ar\/nueva\/","name":"AEHG La Plata","description":"","potentialAction":[{"@type":"SearchAction","target":{"@type":"EntryPoint","urlTemplate":"https:\/\/aehg-laplata.org.ar\/nueva\/?s={search_term_string}"},"query-input":"required name=search_term_string"}],"inLanguage":"es-AR"},{"@type":"WebPage","@id":"https:\/\/aehg-laplata.org.ar\/nueva\/instituto-superior-angel-salvadori\/tecnico-superior-en-hoteleria\/#webpage","url":"https:\/\/aehg-laplata.org.ar\/nueva\/instituto-superior-angel-salvadori\/tecnico-superior-en-hoteleria\/","name":"T\u00e9cnico Superior en Hoteler\u00eda - AEHG La Plata","isPartOf":{"@id":"https:\/\/aehg-laplata.org.ar\/nueva\/#website"},"datePublished":"2020-11-13T11:30:24+00:00","dateModified":"2020-11-19T13:28:12+00:00","breadcrumb":{"@id":"https:\/\/aehg-laplata.org.ar\/nueva\/instituto-superior-angel-salvadori\/tecnico-superior-en-hoteleria\/#breadcrumb"},"inLanguage":"es-AR","potentialAction":[{"@type":"ReadAction","target":["https:\/\/aehg-laplata.org.ar\/nueva\/instituto-superior-angel-salvadori\/tecnico-superior-en-hoteleria\/"]}]},{"@type":"BreadcrumbList","@id":"https:\/\/aehg-laplata.org.ar\/nueva\/instituto-superior-angel-salvadori\/tecnico-superior-en-hoteleria\/#breadcrumb","itemListElement":[{"@type":"ListItem","position":1,"name":"Inicio","item":"https:\/\/aehg-laplata.org.ar\/nueva\/"},{"@type":"ListItem","position":2,"name":"Instituto Superior \u00c1ngel Salvadori","item":"https:\/\/aehg-laplata.org.ar\/nueva\/instituto-superior-angel-salvadori\/"},{"@type":"ListItem","position":3,"name":"T\u00e9cnico Superior en Hoteler\u00eda"}]}]}},"_links":{"self":[{"href":"https:\/\/aehg-laplata.org.ar\/nueva\/wp-json\/wp\/v2\/pages\/453"}],"collection":[{"href":"https:\/\/aehg-laplata.org.ar\/nueva\/wp-json\/wp\/v2\/pages"}],"about":[{"href":"https:\/\/aehg-laplata.org.ar\/nueva\/wp-json\/wp\/v2\/types\/page"}],"author":[{"embeddable":true,"href":"https:\/\/aehg-laplata.org.ar\/nueva\/wp-json\/wp\/v2\/users\/1"}],"replies":[{"embeddable":true,"href":"https:\/\/aehg-laplata.org.ar\/nueva\/wp-json\/wp\/v2\/comments?post=453"}],"version-history":[{"count":10,"href":"https:\/\/aehg-laplata.org.ar\/nueva\/wp-json\/wp\/v2\/pages\/453\/revisions"}],"predecessor-version":[{"id":699,"href":"https:\/\/aehg-laplata.org.ar\/nueva\/wp-json\/wp\/v2\/pages\/453\/revisions\/699"}],"up":[{"embeddable":true,"href":"https:\/\/aehg-laplata.org.ar\/nueva\/wp-json\/wp\/v2\/pages\/428"}],"wp:attachment":[{"href":"https:\/\/aehg-laplata.org.ar\/nueva\/wp-json\/wp\/v2\/media?parent=453"}],"curies":[{"name":"wp","href":"https:\/\/api.w.org\/{rel}","templated":true}]}}