{"id":451,"date":"2020-11-13T08:04:36","date_gmt":"2020-11-13T11:04:36","guid":{"rendered":"https:\/\/aehg-laplata.org.ar\/nueva\/?page_id=451"},"modified":"2020-11-19T10:30:07","modified_gmt":"2020-11-19T13:30:07","slug":"tecnico-superior-en-turismo","status":"publish","type":"page","link":"https:\/\/aehg-laplata.org.ar\/nueva\/instituto-superior-angel-salvadori\/tecnico-superior-en-turismo\/","title":{"rendered":"T\u00e9cnico Superior en Turismo"},"content":{"rendered":"<p>[vc_row full_width=&#8221;stretch_row&#8221;][vc_column][vc_single_image image=&#8221;637&#8243; img_size=&#8221;large&#8221; alignment=&#8221;center&#8221;][\/vc_column][\/vc_row][vc_row full_width=&#8221;stretch_row_content_no_spaces&#8221; equal_height=&#8221;yes&#8221; content_placement=&#8221;middle&#8221; css=&#8221;.vc_custom_1601744680350{margin-top: 20px !important;margin-bottom: 0px !important;padding-bottom: 0px !important;background-color: #f0f3f2 !important;}&#8221;][vc_column css_animation=&#8221;bottom-to-top&#8221; width=&#8221;1\/2&#8243; css=&#8221;.vc_custom_1605730280892{background-image: url(https:\/\/aehg-laplata.org.ar\/nueva\/wp-content\/uploads\/aehg-instituto-turismo.jpg?id=678) !important;background-position: center !important;background-repeat: no-repeat !important;background-size: cover !important;}&#8221;]<div class=\"clearboth\"><\/div><div class=\"gem-divider \" style=\"margin-top: 300px;\"><\/div>[\/vc_column][vc_column width=&#8221;1\/2&#8243; disable_custom_paddings_tablet=&#8221;true&#8221; disable_custom_paddings_mobile=&#8221;true&#8221; css=&#8221;.vc_custom_1542290229812{padding-right: 110px !important;padding-left: 110px !important;}&#8221;]<div class=\"clearboth\"><\/div><div class=\"gem-divider \" style=\"margin-top: 50px;\"><\/div>[vc_column_text css_animation=&#8221;bottom-to-top&#8221;]<\/p>\n<h2>T\u00e9cnico Superior en Turismo<\/h2>\n<p>[\/vc_column_text]<div class=\"clearboth\"><\/div><div class=\"gem-divider \" style=\"margin-top: 30px;\"><\/div>[vc_column_text]<\/p>\n<div class=\"styled-subtitle\">Carrera con T\u00edtulo Oficial<\/div>\n<p>[\/vc_column_text]<div class=\"clearboth\"><\/div><div class=\"gem-divider \" style=\"margin-top: 30px;\"><\/div><div class=\"gem-button-container gem-button-position-left thegem-button-69ff61ce7d26a4211\" ><a title=\"Consultas e inscripci\u00f3n\" class=\"gem-button gem-button-size-medium gem-button-style-outline gem-button-text-weight-normal gem-button-border-2\" style=\"border-radius: 10px;border-color: #3c3950;color: #3c3950;\" onmouseleave=\"this.style.borderColor='#3c3950';this.style.backgroundColor='transparent';this.style.color='#3c3950';\" onmouseenter=\"this.style.borderColor='#3c3950';this.style.backgroundColor='#3c3950';this.style.color='#ffffff';\" href=\"http:\/\/aehg-laplata.org.ar\/nueva\/instituto-superior-angel-salvadori\/consultas-e-inscripcion\/\" target=\"_self\">Consultas e Inscripci\u00f3n<\/a><\/div> <div class=\"clearboth\"><\/div><div class=\"gem-divider \" style=\"margin-top: 30px;\"><\/div>[\/vc_column][\/vc_row][vc_row full_width=&#8221;stretch_row&#8221; equal_height=&#8221;yes&#8221; css=&#8221;.vc_custom_1605268330520{margin-top: 40px !important;}&#8221;][vc_column width=&#8221;1\/3&#8243;][vc_column_text]<\/p>\n<h4 style=\"text-align: center;\">Perfil<\/h4>\n<p>[\/vc_column_text][vc_column_text]El T\u00e9cnico Superior en Turismo estar\u00e1 capacitado para comprender la actividad tur\u00edstica como un todo, conociendo sus diferentes impactos sociales, culturales, econ\u00f3micos y ambientales, para que sea un motor de desarrollo del pa\u00eds, dando respuestas a las diferentes necesidades, mediante el aprovechamiento integral de los recursos naturales y culturales; potenciando la actividad, a trav\u00e9s de un proceso participativo con los distintos actores sociales intervinientes, en la formulaci\u00f3n, evaluaci\u00f3n y desarrollo de planes, programas y proyectos tur\u00edsticos.<\/p>\n<p>Estar\u00e1 capacitado para actuar como profesional responsable en una empresa de viajes y turismo de acuerdo con la normativa vigente, mediante su aval en el desempe\u00f1o de las actividades tur\u00edsticas.[\/vc_column_text][\/vc_column][vc_column width=&#8221;1\/3&#8243;][vc_column_text]<\/p>\n<h4 style=\"text-align: center;\">\u00c1rea Ocupacional<\/h4>\n<p>[\/vc_column_text][vc_column_text]El desempe\u00f1o de este profesional se desarrolla en espacios ocupacionales tales como:<\/p>\n<p>-Empresas de servicios tur\u00edsticos de todo tipo, empresas de viajes y turismo, agencias de viajes, organismos estatales relacionados con el turismo, asociaciones, sindicatos, obras sociales.<\/p>\n<p>-El T\u00e9cnico Superior en Turismo actuar\u00e1 como id\u00f3neo profesional responsable en una empresa de viajes y turismo de acuerdo con la normativa vigente, mediante su aval en el desempe\u00f1o de las actividades tur\u00edsticas.[\/vc_column_text][\/vc_column][vc_column width=&#8221;1\/3&#8243;][vc_column_text]<\/p>\n<h4 style=\"text-align: center;\">\u00c1reas y Competencias<\/h4>\n<p>[\/vc_column_text][vc_column_text]-Diagnosticar, dise\u00f1ar, liderar, gestionar y organizar emprendimientos tur\u00edsticos en el \u00e1mbito p\u00fablico y privado.<br \/>\n-Programar, organizar y coordinar productos tur\u00edsticos y recreacionales, nacionales e internacionales.<br \/>\n&#8211; Administrar, contratar e intermediar la venta de todo tipo de servicios tur\u00edsticos o prestaciones de servicios tur\u00edsticos satisfaciendo las necesidades de la demanda.<br \/>\n&#8211; Elaborar, implantar y operar sistemas de informaci\u00f3n y de procesos de datos para la prestaci\u00f3n de los servicios tur\u00edsticos atendiendo a los cambios que se van generando.<br \/>\n&#8211; Dise\u00f1ar, dirigir, efectuar y controlar planes, programas y proyectos de comercializaci\u00f3n, mediante la implementaci\u00f3n de estrategias de comunicaci\u00f3n, promoci\u00f3n y publicidad.<br \/>\n&#8211; Generar proyectos que reconozcan la naturaleza social y econ\u00f3mica de los fen\u00f3menos tur\u00edsticos y sus variaciones en el tiempo y el espacio, con el fin de preservar y conservar el ambiente.[\/vc_column_text][\/vc_column][\/vc_row][vc_row full_width=&#8221;stretch_row&#8221; equal_height=&#8221;yes&#8221; content_placement=&#8221;middle&#8221; css=&#8221;.vc_custom_1605268708032{margin-top: 20px !important;margin-bottom: 0px !important;padding-bottom: 0px !important;background-color: #f0f3f2 !important;}&#8221;][vc_column css_animation=&#8221;bottom-to-top&#8221; css=&#8221;.vc_custom_1605268405029{background-position: center !important;background-repeat: no-repeat !important;background-size: cover !important;}&#8221;][vc_column_text]<\/p>\n<h2 style=\"text-align: center;\">Plan de Estudios<\/h2>\n<p>[\/vc_column_text][vc_separator color=&#8221;custom&#8221; border_width=&#8221;3&#8243; el_width=&#8221;40&#8243; accent_color=&#8221;#00205a&#8221;]<div class=\"clearboth\"><\/div><div class=\"gem-divider \" style=\"margin-top: 20px;\"><\/div>[vc_row_inner][vc_column_inner width=&#8221;1\/3&#8243;][vc_column_text]<\/p>\n<h4>1\u00b0 a\u00f1o<\/h4>\n<p>[\/vc_column_text][vc_column_text]- Ingl\u00e9s<br \/>\n&#8211; Psicolog\u00eda Social<br \/>\n&#8211; Metodolog\u00eda de Investigaci\u00f3n<br \/>\n&#8211; Introducci\u00f3n al Turismo<br \/>\n&#8211; Servicios Tur\u00edsticos<br \/>\n&#8211; Estad\u00edstica<br \/>\n&#8211; C\u00e1lculo, Tarifas y Emisi\u00f3n de Pasajes<br \/>\n&#8211; Estudio del Espacio Tur\u00edstico de Argentina y Am\u00e9rica<br \/>\n&#8211; Patrimonio Tur\u00edstico de Argentina y Am\u00e9rica<br \/>\n&#8211; Inform\u00e1tica<br \/>\n&#8211; EDI: Franc\u00e9s I<br \/>\n&#8211; EDI: Portugu\u00e9s I[\/vc_column_text][\/vc_column_inner][vc_column_inner width=&#8221;1\/3&#8243;][vc_column_text]<\/p>\n<h4>2\u00b0 a\u00f1o<\/h4>\n<p>[\/vc_column_text][vc_column_text]- Programaci\u00f3n de Circuitos Tur\u00edsticos y Recreacionales<br \/>\n&#8211; Organizaci\u00f3n y Administraci\u00f3n<br \/>\n&#8211; Contabilidad Aplicada y Matem\u00e1tica Financiera<br \/>\n&#8211; Estudio del Espacio Tur\u00edstico de Europa, \u00c1frica, Asia y Ocean\u00eda<br \/>\n&#8211; Patrimonio Tur\u00edstico de Europa, \u00c1frica, Asia y Ocean\u00eda<br \/>\n&#8211; Investigaci\u00f3n de Mercados<br \/>\n&#8211; Pr\u00e1ctica Profesional I<br \/>\n&#8211; EDI: Franc\u00e9s II<br \/>\n&#8211; EDI: Portugu\u00e9s II[\/vc_column_text][\/vc_column_inner][vc_column_inner width=&#8221;1\/3&#8243;][vc_column_text]<\/p>\n<h4>3\u00b0 a\u00f1o<\/h4>\n<p>[\/vc_column_text][vc_column_text]- Ingl\u00e9s III<br \/>\n&#8211; Conservaci\u00f3n del Medio Ambiente<br \/>\n&#8211; Legislaci\u00f3n<br \/>\n&#8211; Direcci\u00f3n y Gesti\u00f3n de Empresas Hoteleras y Tur\u00edsticas<br \/>\n&#8211; Comercializaci\u00f3n de Productos Hoteleros y Tur\u00edsticos<br \/>\n&#8211; Pr\u00e1ctica Profesional II<br \/>\n&#8211; EDI: Franc\u00e9s III<br \/>\n&#8211; EDI: Portugu\u00e9s III[\/vc_column_text][\/vc_column_inner][\/vc_row_inner][\/vc_column][\/vc_row][vc_row full_width=&#8221;stretch_row&#8221; equal_height=&#8221;yes&#8221; content_placement=&#8221;middle&#8221; css=&#8221;.vc_custom_1605649884685{margin-top: 20px !important;margin-bottom: 0px !important;padding-bottom: 0px !important;}&#8221;][vc_column css_animation=&#8221;bottom-to-top&#8221; css=&#8221;.vc_custom_1605268405029{background-position: center !important;background-repeat: no-repeat !important;background-size: cover !important;}&#8221;]<div class=\"gem-button-container gem-button-position-center thegem-button-69ff61ce7d2d84773\" ><a class=\"gem-button gem-button-size-large gem-button-style-outline gem-button-text-weight-normal gem-button-border-2\" style=\"border-radius: 10px;border-color: #3c3950;color: #3c3950;\" onmouseleave=\"this.style.borderColor='#3c3950';this.style.backgroundColor='transparent';this.style.color='#3c3950';\" onmouseenter=\"this.style.borderColor='#3c3950';this.style.backgroundColor='#3c3950';this.style.color='#ffffff';\" href=\"mailto:info@aehg-laplata.org.ar\" target=\"_blank\">Requisitos<\/a><\/div> [\/vc_column][\/vc_row][vc_row][vc_column]<div class=\"clearboth\"><\/div><div class=\"gem-divider \" style=\"margin-top: 30px;\"><\/div>[\/vc_column][\/vc_row]<\/p>\n","protected":false},"excerpt":{"rendered":"<p>[vc_row full_width=&#8221;stretch_row&#8221;][vc_column][vc_single_image image=&#8221;637&#8243; img_size=&#8221;large&#8221; alignment=&#8221;center&#8221;][\/vc_column][\/vc_row][vc_row full_width=&#8221;stretch_row_content_no_spaces&#8221; equal_height=&#8221;yes&#8221; content_placement=&#8221;middle&#8221; css=&#8221;.vc_custom_1601744680350{margin-top: 20px !important;margin-bottom: 0px !important;padding-bottom: 0px !important;background-color: #f0f3f2 !important;}&#8221;][vc_column css_animation=&#8221;bottom-to-top&#8221; width=&#8221;1\/2&#8243; css=&#8221;.vc_custom_1605730280892{background-image:&#8230;<\/p>\n","protected":false},"author":1,"featured_media":0,"parent":428,"menu_order":0,"comment_status":"closed","ping_status":"closed","template":"","meta":[],"yoast_head":"<!-- This site is optimized with the Yoast SEO plugin v17.2.1 - https:\/\/yoast.com\/wordpress\/plugins\/seo\/ -->\n<title>T\u00e9cnico Superior en Turismo - AEHG La Plata<\/title>\n<meta name=\"robots\" content=\"index, follow, max-snippet:-1, max-image-preview:large, max-video-preview:-1\" \/>\n<link rel=\"canonical\" href=\"https:\/\/aehg-laplata.org.ar\/nueva\/instituto-superior-angel-salvadori\/tecnico-superior-en-turismo\/\" \/>\n<meta property=\"og:locale\" content=\"es_ES\" \/>\n<meta property=\"og:type\" content=\"article\" \/>\n<meta property=\"og:title\" content=\"T\u00e9cnico Superior en Turismo - AEHG La Plata\" \/>\n<meta property=\"og:description\" content=\"[vc_row full_width=&#8221;stretch_row&#8221;][vc_column][vc_single_image image=&#8221;637&#8243; img_size=&#8221;large&#8221; alignment=&#8221;center&#8221;][\/vc_column][\/vc_row][vc_row full_width=&#8221;stretch_row_content_no_spaces&#8221; equal_height=&#8221;yes&#8221; content_placement=&#8221;middle&#8221; css=&#8221;.vc_custom_1601744680350{margin-top: 20px !important;margin-bottom: 0px !important;padding-bottom: 0px !important;background-color: #f0f3f2 !important;}&#8221;][vc_column css_animation=&#8221;bottom-to-top&#8221; width=&#8221;1\/2&#8243; css=&#8221;.vc_custom_1605730280892{background-image:...\" \/>\n<meta property=\"og:url\" content=\"https:\/\/aehg-laplata.org.ar\/nueva\/instituto-superior-angel-salvadori\/tecnico-superior-en-turismo\/\" \/>\n<meta property=\"og:site_name\" content=\"AEHG La Plata\" \/>\n<meta property=\"article:publisher\" content=\"https:\/\/www.facebook.com\/AehgLaPlataOK\/\" \/>\n<meta property=\"article:modified_time\" content=\"2020-11-19T13:30:07+00:00\" \/>\n<meta name=\"twitter:card\" content=\"summary_large_image\" \/>\n<meta name=\"twitter:label1\" content=\"Tiempo de lectura\" \/>\n\t<meta name=\"twitter:data1\" content=\"5 minutos\" \/>\n<script type=\"application\/ld+json\" class=\"yoast-schema-graph\">{\"@context\":\"https:\/\/schema.org\",\"@graph\":[{\"@type\":\"WebSite\",\"@id\":\"https:\/\/aehg-laplata.org.ar\/nueva\/#website\",\"url\":\"https:\/\/aehg-laplata.org.ar\/nueva\/\",\"name\":\"AEHG La Plata\",\"description\":\"\",\"potentialAction\":[{\"@type\":\"SearchAction\",\"target\":{\"@type\":\"EntryPoint\",\"urlTemplate\":\"https:\/\/aehg-laplata.org.ar\/nueva\/?s={search_term_string}\"},\"query-input\":\"required name=search_term_string\"}],\"inLanguage\":\"es-AR\"},{\"@type\":\"WebPage\",\"@id\":\"https:\/\/aehg-laplata.org.ar\/nueva\/instituto-superior-angel-salvadori\/tecnico-superior-en-turismo\/#webpage\",\"url\":\"https:\/\/aehg-laplata.org.ar\/nueva\/instituto-superior-angel-salvadori\/tecnico-superior-en-turismo\/\",\"name\":\"T\\u00e9cnico Superior en Turismo - AEHG La Plata\",\"isPartOf\":{\"@id\":\"https:\/\/aehg-laplata.org.ar\/nueva\/#website\"},\"datePublished\":\"2020-11-13T11:04:36+00:00\",\"dateModified\":\"2020-11-19T13:30:07+00:00\",\"breadcrumb\":{\"@id\":\"https:\/\/aehg-laplata.org.ar\/nueva\/instituto-superior-angel-salvadori\/tecnico-superior-en-turismo\/#breadcrumb\"},\"inLanguage\":\"es-AR\",\"potentialAction\":[{\"@type\":\"ReadAction\",\"target\":[\"https:\/\/aehg-laplata.org.ar\/nueva\/instituto-superior-angel-salvadori\/tecnico-superior-en-turismo\/\"]}]},{\"@type\":\"BreadcrumbList\",\"@id\":\"https:\/\/aehg-laplata.org.ar\/nueva\/instituto-superior-angel-salvadori\/tecnico-superior-en-turismo\/#breadcrumb\",\"itemListElement\":[{\"@type\":\"ListItem\",\"position\":1,\"name\":\"Inicio\",\"item\":\"https:\/\/aehg-laplata.org.ar\/nueva\/\"},{\"@type\":\"ListItem\",\"position\":2,\"name\":\"Instituto Superior \\u00c1ngel Salvadori\",\"item\":\"https:\/\/aehg-laplata.org.ar\/nueva\/instituto-superior-angel-salvadori\/\"},{\"@type\":\"ListItem\",\"position\":3,\"name\":\"T\\u00e9cnico Superior en Turismo\"}]}]}<\/script>\n<!-- \/ Yoast SEO plugin. -->","yoast_head_json":{"title":"T\u00e9cnico Superior en Turismo - AEHG La Plata","robots":{"index":"index","follow":"follow","max-snippet":"max-snippet:-1","max-image-preview":"max-image-preview:large","max-video-preview":"max-video-preview:-1"},"canonical":"https:\/\/aehg-laplata.org.ar\/nueva\/instituto-superior-angel-salvadori\/tecnico-superior-en-turismo\/","og_locale":"es_ES","og_type":"article","og_title":"T\u00e9cnico Superior en Turismo - AEHG La Plata","og_description":"[vc_row full_width=&#8221;stretch_row&#8221;][vc_column][vc_single_image image=&#8221;637&#8243; img_size=&#8221;large&#8221; alignment=&#8221;center&#8221;][\/vc_column][\/vc_row][vc_row full_width=&#8221;stretch_row_content_no_spaces&#8221; equal_height=&#8221;yes&#8221; content_placement=&#8221;middle&#8221; css=&#8221;.vc_custom_1601744680350{margin-top: 20px !important;margin-bottom: 0px !important;padding-bottom: 0px !important;background-color: #f0f3f2 !important;}&#8221;][vc_column css_animation=&#8221;bottom-to-top&#8221; width=&#8221;1\/2&#8243; css=&#8221;.vc_custom_1605730280892{background-image:...","og_url":"https:\/\/aehg-laplata.org.ar\/nueva\/instituto-superior-angel-salvadori\/tecnico-superior-en-turismo\/","og_site_name":"AEHG La Plata","article_publisher":"https:\/\/www.facebook.com\/AehgLaPlataOK\/","article_modified_time":"2020-11-19T13:30:07+00:00","twitter_card":"summary_large_image","twitter_misc":{"Tiempo de lectura":"5 minutos"},"schema":{"@context":"https:\/\/schema.org","@graph":[{"@type":"WebSite","@id":"https:\/\/aehg-laplata.org.ar\/nueva\/#website","url":"https:\/\/aehg-laplata.org.ar\/nueva\/","name":"AEHG La Plata","description":"","potentialAction":[{"@type":"SearchAction","target":{"@type":"EntryPoint","urlTemplate":"https:\/\/aehg-laplata.org.ar\/nueva\/?s={search_term_string}"},"query-input":"required name=search_term_string"}],"inLanguage":"es-AR"},{"@type":"WebPage","@id":"https:\/\/aehg-laplata.org.ar\/nueva\/instituto-superior-angel-salvadori\/tecnico-superior-en-turismo\/#webpage","url":"https:\/\/aehg-laplata.org.ar\/nueva\/instituto-superior-angel-salvadori\/tecnico-superior-en-turismo\/","name":"T\u00e9cnico Superior en Turismo - AEHG La Plata","isPartOf":{"@id":"https:\/\/aehg-laplata.org.ar\/nueva\/#website"},"datePublished":"2020-11-13T11:04:36+00:00","dateModified":"2020-11-19T13:30:07+00:00","breadcrumb":{"@id":"https:\/\/aehg-laplata.org.ar\/nueva\/instituto-superior-angel-salvadori\/tecnico-superior-en-turismo\/#breadcrumb"},"inLanguage":"es-AR","potentialAction":[{"@type":"ReadAction","target":["https:\/\/aehg-laplata.org.ar\/nueva\/instituto-superior-angel-salvadori\/tecnico-superior-en-turismo\/"]}]},{"@type":"BreadcrumbList","@id":"https:\/\/aehg-laplata.org.ar\/nueva\/instituto-superior-angel-salvadori\/tecnico-superior-en-turismo\/#breadcrumb","itemListElement":[{"@type":"ListItem","position":1,"name":"Inicio","item":"https:\/\/aehg-laplata.org.ar\/nueva\/"},{"@type":"ListItem","position":2,"name":"Instituto Superior \u00c1ngel Salvadori","item":"https:\/\/aehg-laplata.org.ar\/nueva\/instituto-superior-angel-salvadori\/"},{"@type":"ListItem","position":3,"name":"T\u00e9cnico Superior en Turismo"}]}]}},"_links":{"self":[{"href":"https:\/\/aehg-laplata.org.ar\/nueva\/wp-json\/wp\/v2\/pages\/451"}],"collection":[{"href":"https:\/\/aehg-laplata.org.ar\/nueva\/wp-json\/wp\/v2\/pages"}],"about":[{"href":"https:\/\/aehg-laplata.org.ar\/nueva\/wp-json\/wp\/v2\/types\/page"}],"author":[{"embeddable":true,"href":"https:\/\/aehg-laplata.org.ar\/nueva\/wp-json\/wp\/v2\/users\/1"}],"replies":[{"embeddable":true,"href":"https:\/\/aehg-laplata.org.ar\/nueva\/wp-json\/wp\/v2\/comments?post=451"}],"version-history":[{"count":18,"href":"https:\/\/aehg-laplata.org.ar\/nueva\/wp-json\/wp\/v2\/pages\/451\/revisions"}],"predecessor-version":[{"id":701,"href":"https:\/\/aehg-laplata.org.ar\/nueva\/wp-json\/wp\/v2\/pages\/451\/revisions\/701"}],"up":[{"embeddable":true,"href":"https:\/\/aehg-laplata.org.ar\/nueva\/wp-json\/wp\/v2\/pages\/428"}],"wp:attachment":[{"href":"https:\/\/aehg-laplata.org.ar\/nueva\/wp-json\/wp\/v2\/media?parent=451"}],"curies":[{"name":"wp","href":"https:\/\/api.w.org\/{rel}","templated":true}]}}