{"id":280,"date":"2020-10-06T13:11:13","date_gmt":"2020-10-06T16:11:13","guid":{"rendered":"https:\/\/aehg-laplata.org.ar\/nueva\/?page_id=280"},"modified":"2020-10-07T19:12:23","modified_gmt":"2020-10-07T22:12:23","slug":"asociacion-iberoamericana-de-institutos-educativos","status":"publish","type":"page","link":"https:\/\/aehg-laplata.org.ar\/nueva\/asociacion-iberoamericana-de-institutos-educativos\/","title":{"rendered":"Asociaci\u00f3n Iberoamericana de Institutos Educativos"},"content":{"rendered":"<p>[vc_row full_width=&#8221;stretch_row&#8221; css=&#8221;.vc_custom_1600781837739{background-color: #00205a !important;}&#8221;][vc_column][vc_column_text]<\/p>\n<h1 style=\"text-align: center; color: #ffffff;\">Asociaci\u00f3n Iberoamericana de Institutos Educativos<\/h1>\n<p>[\/vc_column_text][\/vc_column][\/vc_row][vc_row full_width=&#8221;stretch_row_content_no_spaces&#8221; equal_height=&#8221;yes&#8221; content_placement=&#8221;middle&#8221; css=&#8221;.vc_custom_1601744680350{margin-top: 20px !important;margin-bottom: 0px !important;padding-bottom: 0px !important;background-color: #f0f3f2 !important;}&#8221;][vc_column css_animation=&#8221;bottom-to-top&#8221; width=&#8221;1\/2&#8243; css=&#8221;.vc_custom_1602000960809{background-image: url(https:\/\/aehg-laplata.org.ar\/nueva\/wp-content\/uploads\/aehg-asociacion-iberoamericana.jpg?id=283) !important;background-position: center !important;background-repeat: no-repeat !important;background-size: cover !important;}&#8221;]<div class=\"clearboth\"><\/div><div class=\"gem-divider \" style=\"margin-top: 300px;\"><\/div>[\/vc_column][vc_column width=&#8221;1\/2&#8243; disable_custom_paddings_tablet=&#8221;true&#8221; disable_custom_paddings_mobile=&#8221;true&#8221; css=&#8221;.vc_custom_1542290229812{padding-right: 110px !important;padding-left: 110px !important;}&#8221;][vc_row_inner][vc_column_inner offset=&#8221;vc_hidden-xs&#8221;]<div class=\"clearboth\"><\/div><div class=\"gem-divider \" style=\"margin-top: 50px;\"><\/div>[\/vc_column_inner][\/vc_row_inner][vc_column_text css_animation=&#8221;bottom-to-top&#8221;]<\/p>\n<h2>Red Internacional AEHG La Plata<\/h2>\n<p>[\/vc_column_text]<div class=\"clearboth\"><\/div><div class=\"gem-divider \" style=\"margin-top: 30px;\"><\/div>[vc_column_text]Bajo la presidencia del Sr. Mario N Aguilar, impulsamos la formaci\u00f3n de la Asociaci\u00f3n Iberoamericana de Institutos Educativos de Hoteler\u00eda, Gastronom\u00eda y Turismo, con el objetivo de fomentar el intercambio entre los alumnos para favorecer el desarrollo profesional y cultural.<br \/>\nFue fundada el 27 de agosto de 2009 y busca impulsar el desarrollo y la uniformidad reguladora de la actividad hotelera, gastron\u00f3mica, pastelera y tur\u00edstica en el \u00e1mbito iberoamericano, coordinando su labor con otros organismos regionales e internacionales sean privados, oficiales o dependientes de las Naciones Unidas.[\/vc_column_text]<div class=\"clearboth\"><\/div><div class=\"gem-divider \" style=\"margin-top: 30px;\"><\/div>[\/vc_column][\/vc_row][vc_row full_width=&#8221;stretch_row&#8221; css=&#8221;.vc_custom_1602108491745{margin-top: 40px !important;background-color: #00205a !important;}&#8221;][vc_column][vc_column_text]<\/p>\n<h2 style=\"text-align: center; color: #ffffff;\">Fundada en 2009<\/h2>\n<p>[\/vc_column_text][\/vc_column][\/vc_row][vc_row full_width=&#8221;stretch_row_content_no_spaces&#8221; equal_height=&#8221;yes&#8221; content_placement=&#8221;middle&#8221; css=&#8221;.vc_custom_1601744680350{margin-top: 20px !important;margin-bottom: 0px !important;padding-bottom: 0px !important;background-color: #f0f3f2 !important;}&#8221;][vc_column css_animation=&#8221;bottom-to-top&#8221; width=&#8221;1\/2&#8243; css=&#8221;.vc_custom_1602001316955{background-image: url(https:\/\/aehg-laplata.org.ar\/nueva\/wp-content\/uploads\/aehg-asociacion-iberoamericana-01.jpg?id=285) !important;background-position: center !important;background-repeat: no-repeat !important;background-size: cover !important;}&#8221;]<div class=\"clearboth\"><\/div><div class=\"gem-divider \" style=\"margin-top: 300px;\"><\/div>[\/vc_column][vc_column width=&#8221;1\/2&#8243; disable_custom_paddings_tablet=&#8221;true&#8221; disable_custom_paddings_mobile=&#8221;true&#8221; css=&#8221;.vc_custom_1542290229812{padding-right: 110px !important;padding-left: 110px !important;}&#8221;][vc_row_inner][vc_column_inner offset=&#8221;vc_hidden-xs&#8221;]<div class=\"clearboth\"><\/div><div class=\"gem-divider \" style=\"margin-top: 50px;\"><\/div>[\/vc_column_inner][\/vc_row_inner][vc_column_text css_animation=&#8221;bottom-to-top&#8221;]<\/p>\n<h2>La Asociaci\u00f3n Iberoamericana<\/h2>\n<p>[\/vc_column_text]<div class=\"clearboth\"><\/div><div class=\"gem-divider \" style=\"margin-top: 30px;\"><\/div>[vc_column_text]de Institutos Educativos de Hoteler\u00eda, Gastronom\u00eda, Pasteler\u00eda y Turismo fomenta el estudio, la ense\u00f1anza, la capacitaci\u00f3n y el desarrollo de la hoteler\u00eda, gastronom\u00eda, pasteler\u00eda y turismo de los institutos educativos de cada pa\u00eds, as\u00ed como otros aspectos relacionados con el intercambio de conocimientos y de tecnolog\u00edas nuevas a desarrollarse.<br \/>\nTambi\u00e9n act\u00faa como entidad consultora de organizaciones internacionales y de gobiernos en materia de hoteler\u00eda, gastronom\u00eda, pasteler\u00eda y turismo.[\/vc_column_text]<div class=\"clearboth\"><\/div><div class=\"gem-divider \" style=\"margin-top: 30px;\"><\/div>[\/vc_column][\/vc_row][vc_row full_width=&#8221;stretch_row&#8221; css=&#8221;.vc_custom_1602108738089{margin-top: 40px !important;background-color: #00205a !important;}&#8221;][vc_column][vc_column_text]<\/p>\n<h2 style=\"text-align: center; color: #ffffff;\">El Intercambio, un valor agregado en la formaci\u00f3n<\/h2>\n<p>[\/vc_column_text][\/vc_column][\/vc_row][vc_row full_width=&#8221;stretch_row_content_no_spaces&#8221; equal_height=&#8221;yes&#8221; content_placement=&#8221;middle&#8221; css=&#8221;.vc_custom_1601744680350{margin-top: 20px !important;margin-bottom: 0px !important;padding-bottom: 0px !important;background-color: #f0f3f2 !important;}&#8221;][vc_column css_animation=&#8221;bottom-to-top&#8221; width=&#8221;1\/2&#8243; css=&#8221;.vc_custom_1602001665408{background-image: url(https:\/\/aehg-laplata.org.ar\/nueva\/wp-content\/uploads\/aehg-asociacion-iberoamericana-02.jpg?id=286) !important;background-position: center !important;background-repeat: no-repeat !important;background-size: cover !important;}&#8221;]<div class=\"clearboth\"><\/div><div class=\"gem-divider \" style=\"margin-top: 300px;\"><\/div>[\/vc_column][vc_column width=&#8221;1\/2&#8243; disable_custom_paddings_tablet=&#8221;true&#8221; disable_custom_paddings_mobile=&#8221;true&#8221; css=&#8221;.vc_custom_1542290229812{padding-right: 110px !important;padding-left: 110px !important;}&#8221;][vc_row_inner][vc_column_inner offset=&#8221;vc_hidden-xs&#8221;]<div class=\"clearboth\"><\/div><div class=\"gem-divider \" style=\"margin-top: 50px;\"><\/div>[\/vc_column_inner][\/vc_row_inner][vc_column_text css_animation=&#8221;bottom-to-top&#8221;]<\/p>\n<h2>Red de Entidades Educativas del Turismo y la Hoteler\u00eda<\/h2>\n<p>[\/vc_column_text]<div class=\"clearboth\"><\/div><div class=\"gem-divider \" style=\"margin-top: 30px;\"><\/div>[vc_column_text]A trav\u00e9s de la pertenencia de AEHG La Plata a la red internacional de la Asociaci\u00f3n Iberoamericana, los alumnos del Instituto \u00c1ngel Salvadori pueden obtener apoyo para acceder a una acci\u00f3n de intercambio. Un elemento vital para el desarrollo del perfil profesional de cada graduado, un diferencial estrat\u00e9gico que contribuye a potenciar una proyecci\u00f3n internacional.[\/vc_column_text]<div class=\"clearboth\"><\/div><div class=\"gem-divider \" style=\"margin-top: 30px;\"><\/div>[\/vc_column][\/vc_row]<\/p>\n","protected":false},"excerpt":{"rendered":"<p>[vc_row full_width=&#8221;stretch_row&#8221; css=&#8221;.vc_custom_1600781837739{background-color: #00205a !important;}&#8221;][vc_column][vc_column_text] Asociaci\u00f3n Iberoamericana de Institutos Educativos [\/vc_column_text][\/vc_column][\/vc_row][vc_row full_width=&#8221;stretch_row_content_no_spaces&#8221; equal_height=&#8221;yes&#8221; content_placement=&#8221;middle&#8221; css=&#8221;.vc_custom_1601744680350{margin-top: 20px !important;margin-bottom: 0px !important;padding-bottom: 0px&#8230;<\/p>\n","protected":false},"author":1,"featured_media":0,"parent":0,"menu_order":0,"comment_status":"closed","ping_status":"closed","template":"","meta":[],"yoast_head":"<!-- This site is optimized with the Yoast SEO plugin v17.2.1 - https:\/\/yoast.com\/wordpress\/plugins\/seo\/ -->\n<title>Asociaci\u00f3n Iberoamericana de Institutos Educativos - AEHG La Plata<\/title>\n<meta name=\"robots\" content=\"index, follow, max-snippet:-1, max-image-preview:large, max-video-preview:-1\" \/>\n<link rel=\"canonical\" href=\"https:\/\/aehg-laplata.org.ar\/nueva\/asociacion-iberoamericana-de-institutos-educativos\/\" \/>\n<meta property=\"og:locale\" content=\"es_ES\" \/>\n<meta property=\"og:type\" content=\"article\" \/>\n<meta property=\"og:title\" content=\"Asociaci\u00f3n Iberoamericana de Institutos Educativos - AEHG La Plata\" \/>\n<meta property=\"og:description\" content=\"[vc_row full_width=&#8221;stretch_row&#8221; css=&#8221;.vc_custom_1600781837739{background-color: #00205a !important;}&#8221;][vc_column][vc_column_text] Asociaci\u00f3n Iberoamericana de Institutos Educativos [\/vc_column_text][\/vc_column][\/vc_row][vc_row full_width=&#8221;stretch_row_content_no_spaces&#8221; equal_height=&#8221;yes&#8221; content_placement=&#8221;middle&#8221; css=&#8221;.vc_custom_1601744680350{margin-top: 20px !important;margin-bottom: 0px !important;padding-bottom: 0px...\" \/>\n<meta property=\"og:url\" content=\"https:\/\/aehg-laplata.org.ar\/nueva\/asociacion-iberoamericana-de-institutos-educativos\/\" \/>\n<meta property=\"og:site_name\" content=\"AEHG La Plata\" \/>\n<meta property=\"article:publisher\" content=\"https:\/\/www.facebook.com\/AehgLaPlataOK\/\" \/>\n<meta property=\"article:modified_time\" content=\"2020-10-07T22:12:23+00:00\" \/>\n<meta name=\"twitter:card\" content=\"summary_large_image\" \/>\n<meta name=\"twitter:label1\" content=\"Tiempo de lectura\" \/>\n\t<meta name=\"twitter:data1\" content=\"4 minutos\" \/>\n<script type=\"application\/ld+json\" class=\"yoast-schema-graph\">{\"@context\":\"https:\/\/schema.org\",\"@graph\":[{\"@type\":\"WebSite\",\"@id\":\"https:\/\/aehg-laplata.org.ar\/nueva\/#website\",\"url\":\"https:\/\/aehg-laplata.org.ar\/nueva\/\",\"name\":\"AEHG La Plata\",\"description\":\"\",\"potentialAction\":[{\"@type\":\"SearchAction\",\"target\":{\"@type\":\"EntryPoint\",\"urlTemplate\":\"https:\/\/aehg-laplata.org.ar\/nueva\/?s={search_term_string}\"},\"query-input\":\"required name=search_term_string\"}],\"inLanguage\":\"es-AR\"},{\"@type\":\"WebPage\",\"@id\":\"https:\/\/aehg-laplata.org.ar\/nueva\/asociacion-iberoamericana-de-institutos-educativos\/#webpage\",\"url\":\"https:\/\/aehg-laplata.org.ar\/nueva\/asociacion-iberoamericana-de-institutos-educativos\/\",\"name\":\"Asociaci\\u00f3n Iberoamericana de Institutos Educativos - AEHG La Plata\",\"isPartOf\":{\"@id\":\"https:\/\/aehg-laplata.org.ar\/nueva\/#website\"},\"datePublished\":\"2020-10-06T16:11:13+00:00\",\"dateModified\":\"2020-10-07T22:12:23+00:00\",\"breadcrumb\":{\"@id\":\"https:\/\/aehg-laplata.org.ar\/nueva\/asociacion-iberoamericana-de-institutos-educativos\/#breadcrumb\"},\"inLanguage\":\"es-AR\",\"potentialAction\":[{\"@type\":\"ReadAction\",\"target\":[\"https:\/\/aehg-laplata.org.ar\/nueva\/asociacion-iberoamericana-de-institutos-educativos\/\"]}]},{\"@type\":\"BreadcrumbList\",\"@id\":\"https:\/\/aehg-laplata.org.ar\/nueva\/asociacion-iberoamericana-de-institutos-educativos\/#breadcrumb\",\"itemListElement\":[{\"@type\":\"ListItem\",\"position\":1,\"name\":\"Inicio\",\"item\":\"https:\/\/aehg-laplata.org.ar\/nueva\/\"},{\"@type\":\"ListItem\",\"position\":2,\"name\":\"Asociaci\\u00f3n Iberoamericana de Institutos Educativos\"}]}]}<\/script>\n<!-- \/ Yoast SEO plugin. -->","yoast_head_json":{"title":"Asociaci\u00f3n Iberoamericana de Institutos Educativos - AEHG La Plata","robots":{"index":"index","follow":"follow","max-snippet":"max-snippet:-1","max-image-preview":"max-image-preview:large","max-video-preview":"max-video-preview:-1"},"canonical":"https:\/\/aehg-laplata.org.ar\/nueva\/asociacion-iberoamericana-de-institutos-educativos\/","og_locale":"es_ES","og_type":"article","og_title":"Asociaci\u00f3n Iberoamericana de Institutos Educativos - AEHG La Plata","og_description":"[vc_row full_width=&#8221;stretch_row&#8221; css=&#8221;.vc_custom_1600781837739{background-color: #00205a !important;}&#8221;][vc_column][vc_column_text] Asociaci\u00f3n Iberoamericana de Institutos Educativos [\/vc_column_text][\/vc_column][\/vc_row][vc_row full_width=&#8221;stretch_row_content_no_spaces&#8221; equal_height=&#8221;yes&#8221; content_placement=&#8221;middle&#8221; css=&#8221;.vc_custom_1601744680350{margin-top: 20px !important;margin-bottom: 0px !important;padding-bottom: 0px...","og_url":"https:\/\/aehg-laplata.org.ar\/nueva\/asociacion-iberoamericana-de-institutos-educativos\/","og_site_name":"AEHG La Plata","article_publisher":"https:\/\/www.facebook.com\/AehgLaPlataOK\/","article_modified_time":"2020-10-07T22:12:23+00:00","twitter_card":"summary_large_image","twitter_misc":{"Tiempo de lectura":"4 minutos"},"schema":{"@context":"https:\/\/schema.org","@graph":[{"@type":"WebSite","@id":"https:\/\/aehg-laplata.org.ar\/nueva\/#website","url":"https:\/\/aehg-laplata.org.ar\/nueva\/","name":"AEHG La Plata","description":"","potentialAction":[{"@type":"SearchAction","target":{"@type":"EntryPoint","urlTemplate":"https:\/\/aehg-laplata.org.ar\/nueva\/?s={search_term_string}"},"query-input":"required name=search_term_string"}],"inLanguage":"es-AR"},{"@type":"WebPage","@id":"https:\/\/aehg-laplata.org.ar\/nueva\/asociacion-iberoamericana-de-institutos-educativos\/#webpage","url":"https:\/\/aehg-laplata.org.ar\/nueva\/asociacion-iberoamericana-de-institutos-educativos\/","name":"Asociaci\u00f3n Iberoamericana de Institutos Educativos - AEHG La Plata","isPartOf":{"@id":"https:\/\/aehg-laplata.org.ar\/nueva\/#website"},"datePublished":"2020-10-06T16:11:13+00:00","dateModified":"2020-10-07T22:12:23+00:00","breadcrumb":{"@id":"https:\/\/aehg-laplata.org.ar\/nueva\/asociacion-iberoamericana-de-institutos-educativos\/#breadcrumb"},"inLanguage":"es-AR","potentialAction":[{"@type":"ReadAction","target":["https:\/\/aehg-laplata.org.ar\/nueva\/asociacion-iberoamericana-de-institutos-educativos\/"]}]},{"@type":"BreadcrumbList","@id":"https:\/\/aehg-laplata.org.ar\/nueva\/asociacion-iberoamericana-de-institutos-educativos\/#breadcrumb","itemListElement":[{"@type":"ListItem","position":1,"name":"Inicio","item":"https:\/\/aehg-laplata.org.ar\/nueva\/"},{"@type":"ListItem","position":2,"name":"Asociaci\u00f3n Iberoamericana de Institutos Educativos"}]}]}},"_links":{"self":[{"href":"https:\/\/aehg-laplata.org.ar\/nueva\/wp-json\/wp\/v2\/pages\/280"}],"collection":[{"href":"https:\/\/aehg-laplata.org.ar\/nueva\/wp-json\/wp\/v2\/pages"}],"about":[{"href":"https:\/\/aehg-laplata.org.ar\/nueva\/wp-json\/wp\/v2\/types\/page"}],"author":[{"embeddable":true,"href":"https:\/\/aehg-laplata.org.ar\/nueva\/wp-json\/wp\/v2\/users\/1"}],"replies":[{"embeddable":true,"href":"https:\/\/aehg-laplata.org.ar\/nueva\/wp-json\/wp\/v2\/comments?post=280"}],"version-history":[{"count":7,"href":"https:\/\/aehg-laplata.org.ar\/nueva\/wp-json\/wp\/v2\/pages\/280\/revisions"}],"predecessor-version":[{"id":361,"href":"https:\/\/aehg-laplata.org.ar\/nueva\/wp-json\/wp\/v2\/pages\/280\/revisions\/361"}],"wp:attachment":[{"href":"https:\/\/aehg-laplata.org.ar\/nueva\/wp-json\/wp\/v2\/media?parent=280"}],"curies":[{"name":"wp","href":"https:\/\/api.w.org\/{rel}","templated":true}]}}