{"id":174,"date":"2020-10-03T10:32:26","date_gmt":"2020-10-03T13:32:26","guid":{"rendered":"https:\/\/aehg-laplata.org.ar\/nueva\/?page_id=174"},"modified":"2021-04-12T20:36:24","modified_gmt":"2021-04-12T23:36:24","slug":"historia","status":"publish","type":"page","link":"https:\/\/aehg-laplata.org.ar\/nueva\/historia\/","title":{"rendered":"Historia"},"content":{"rendered":"<p>[vc_row full_width=&#8221;stretch_row&#8221; css=&#8221;.vc_custom_1600781837739{background-color: #00205a !important;}&#8221;][vc_column][vc_column_text]<\/p>\n<h1 style=\"text-align: center; color: #ffffff;\">Historia<\/h1>\n<p>[\/vc_column_text][\/vc_column][\/vc_row][vc_row full_width=&#8221;stretch_row_content_no_spaces&#8221; equal_height=&#8221;yes&#8221; content_placement=&#8221;middle&#8221; css=&#8221;.vc_custom_1601744755443{margin-top: 20px !important;margin-bottom: 0px !important;padding-bottom: 0px !important;background-color: #f0f3f2 !important;}&#8221;][vc_column width=&#8221;1\/2&#8243; css_animation=&#8221;bottom-to-top&#8221; css=&#8221;.vc_custom_1605558781762{background-image: url(https:\/\/aehg-laplata.org.ar\/nueva\/wp-content\/uploads\/aehg-historia-12.jpg?id=604) !important;background-position: center !important;background-repeat: no-repeat !important;background-size: cover !important;}&#8221;]<div class=\"clearboth\"><\/div><div class=\"gem-divider \" style=\"margin-top: 300px;\"><\/div>[\/vc_column][vc_column width=&#8221;1\/2&#8243; disable_custom_paddings_tablet=&#8221;true&#8221; disable_custom_paddings_mobile=&#8221;true&#8221; css=&#8221;.vc_custom_1542290229812{padding-right: 110px !important;padding-left: 110px !important;}&#8221;][vc_row_inner][vc_column_inner offset=&#8221;vc_hidden-xs&#8221;]<div class=\"clearboth\"><\/div><div class=\"gem-divider \" style=\"margin-top: 50px;\"><\/div>[\/vc_column_inner][\/vc_row_inner][vc_column_text css_animation=&#8221;bottom-to-top&#8221;]<\/p>\n<h2 style=\"text-align: center;\">Desde 1919 trabajando por la hoteler\u00eda y la gastronom\u00eda<\/h2>\n<p>[\/vc_column_text]<div class=\"clearboth\"><\/div><div class=\"gem-divider \" style=\"margin-top: 30px;\"><\/div>[vc_column_text css_animation=&#8221;bottom-to-top&#8221;]<\/p>\n<p style=\"text-align: center;\">Desde nuestra fundaci\u00f3n, trabajamos ininterrumpidamente en la defensa de los intereses del sector tur\u00edstico, cercano a las problem\u00e1ticas de la hoteler\u00eda y la gastronom\u00eda. Nuestra jurisdicci\u00f3n incluye 92 partidos de la provincia de Buenos Aires, poniendo al alcance de los asociados todo tipo de servicios y acciones gremiales empresarias, con el prop\u00f3sito de promover el desarrollo de la actividad.<\/p>\n<p>[\/vc_column_text]<div class=\"clearboth\"><\/div><div class=\"gem-divider \" style=\"margin-top: 30px;\"><\/div>[\/vc_column][\/vc_row][vc_row][vc_column]<div class=\"quickfinder quickfinder-style-vertical-3 quickfinder-style-vertical quickfinder-icon-position-top quickfinder-alignment-center quickfinder-title-bold\"><div id=\"post-185\" class=\"quickfinder-item odd quickfinder-item-effect-image-scale xlarge post-185 thegem_qf_item type-thegem_qf_item status-publish has-post-thumbnail\" data-ll-item-delay=\"0\"> <div class=\"quickfinder-item-image\"> <div class=\"quickfinder-item-image-content\" > <div class=\"quickfinder-item-image-wrapper quickfinder-item-picture quickfinder-item-image-shape-circle\"> <img width=\"400\" height=\"400\" src=\"https:\/\/aehg-laplata.org.ar\/nueva\/wp-content\/uploads\/aehg-historia-11-thegem-person.jpg\" class=\" quickfinder-img-size-xlarge wp-post-image\" alt=\"aehg-historia-11\" srcset=\"https:\/\/aehg-laplata.org.ar\/nueva\/wp-content\/uploads\/aehg-historia-11-thegem-person-240.jpg 1x, https:\/\/aehg-laplata.org.ar\/nueva\/wp-content\/uploads\/aehg-historia-11-thegem-person.jpg 2x\" sizes=\"100vw\" loading=\"lazy\" \/> <\/div> <\/div> <\/div> <div class=\"quickfinder-item-info-wrapper\" style=\"min-height: 320px;\"> <div class=\"connector\" style=\"border-color: #b6c6c9; left: -122px;\"> <\/div> <div class=\"quickfinder-item-info \" > <div style=\"display: block; min-height: 50px;\"> <div class=\"quickfinder-item-title\" >Empezamos en 1919<\/div> <div class=\"quickfinder-item-text\" >Nos remontarnos al 6 de mayo de 1919, en las instalaciones donde antiguamente funcionaba el Hotel Sportman, en calle 54 entre 6 y 7. All\u00ed se constituy\u00f3 la Asociaci\u00f3n de Propietarios, Confiter\u00edas, Bares, Hoteles, Restaurantes y anexos, con la misi\u00f3n de educar, capacitar y formar nuevos hombres, siendo su primer presidente el Sr. Angel Salvadori. En mayo de 1919, aquellos empresarios y comerciantes platenses fueron aut\u00e9nticos visionarios, conformaron una entidad que lleva m\u00e1s de un siglo trabajando en un sector que siempre ha crecido, ha generado trabajo y ha sido motor econ\u00f3mico desde el coraz\u00f3n de la provincia de Buenos Aires.<\/div> <\/div> <\/div> <\/div> <\/div>\n<div id=\"post-186\" class=\"quickfinder-item even quickfinder-item-effect-image-scale xlarge post-186 thegem_qf_item type-thegem_qf_item status-publish has-post-thumbnail\" data-ll-item-delay=\"0\"> <div class=\"quickfinder-item-image\"> <div class=\"quickfinder-item-image-content\" > <div class=\"quickfinder-item-image-wrapper quickfinder-item-picture quickfinder-item-image-shape-circle\"> <img width=\"400\" height=\"400\" src=\"https:\/\/aehg-laplata.org.ar\/nueva\/wp-content\/uploads\/aehg-historia-02-thegem-person.png\" class=\" quickfinder-img-size-xlarge wp-post-image\" alt=\"aehg-historia-02\" srcset=\"https:\/\/aehg-laplata.org.ar\/nueva\/wp-content\/uploads\/aehg-historia-02-thegem-person-240.png 1x, https:\/\/aehg-laplata.org.ar\/nueva\/wp-content\/uploads\/aehg-historia-02-thegem-person.png 2x\" sizes=\"100vw\" loading=\"lazy\" \/> <\/div> <\/div> <\/div> <div class=\"quickfinder-item-info-wrapper\" style=\"min-height: 320px;\"> <div class=\"connector\" style=\"border-color: #b6c6c9; left: -122px;\"> <\/div> <div class=\"quickfinder-item-info \" > <div style=\"display: block; min-height: 50px;\"> <div class=\"quickfinder-item-title\" >1941 &#8211; AEHG La Plata socio fundador de FEHGRA<\/div> <div class=\"quickfinder-item-text\" >Siendo pioneras entre las c\u00e1maras empresarias del sector, en noviembre de 1941, fuimos una de las entidades fundadoras de la Federaci\u00f3n Empresaria Hotelera Gastron\u00f3mica de la Rep\u00fablica Argentina (FEHGRA). Se realiz\u00f3 durante la presidencia del Sr. Grandolfo Marini, con el objeto de estrechar v\u00ednculos entre los empresarios de todo el pa\u00eds, en el convencimiento de la importancia de estar unidos para gestionar soluciones a la problem\u00e1tica del sector y para impulsar su progreso. Una acci\u00f3n que manifiesta solidaridad, compromiso e involucramiento por el desarrollo del turismo a nivel federal.<\/div> <\/div> <\/div> <\/div> <\/div>\n<div id=\"post-202\" class=\"quickfinder-item odd quickfinder-item-effect-image-scale xlarge post-202 thegem_qf_item type-thegem_qf_item status-publish has-post-thumbnail\" data-ll-item-delay=\"0\"> <div class=\"quickfinder-item-image\"> <div class=\"quickfinder-item-image-content\" > <div class=\"quickfinder-item-image-wrapper quickfinder-item-picture quickfinder-item-image-shape-circle\"> <img width=\"400\" height=\"400\" src=\"https:\/\/aehg-laplata.org.ar\/nueva\/wp-content\/uploads\/aehg-historia-08-thegem-person.jpg\" class=\" quickfinder-img-size-xlarge wp-post-image\" alt=\"aehg-historia-08\" srcset=\"https:\/\/aehg-laplata.org.ar\/nueva\/wp-content\/uploads\/aehg-historia-08-thegem-person-240.jpg 1x, https:\/\/aehg-laplata.org.ar\/nueva\/wp-content\/uploads\/aehg-historia-08-thegem-person.jpg 2x\" sizes=\"100vw\" loading=\"lazy\" \/> <\/div> <\/div> <\/div> <div class=\"quickfinder-item-info-wrapper\" style=\"min-height: 320px;\"> <div class=\"connector\" style=\"border-color: #b6c6c9; left: -122px;\"> <\/div> <div class=\"quickfinder-item-info \" > <div style=\"display: block; min-height: 50px;\"> <div class=\"quickfinder-item-title\" >1994 &#8211; Fundamos la C\u00e1mara de Turismo Bonaerense<\/div> <div class=\"quickfinder-item-text\" >El 27 de agosto de 1994 se conforma esta entidad dependiente de nuestra Asociaci\u00f3n. El 25 de septiembre de 2014, la C\u00e1mara de Turismo Bonaerense fue declarada de Inter\u00e9s Legislativo y asumi\u00f3 la Personer\u00eda Jur\u00eddica, gracias a la gesti\u00f3n de AEHG La Plata.<\/div> <\/div> <\/div> <\/div> <\/div>\n<div id=\"post-187\" class=\"quickfinder-item even quickfinder-item-effect-image-scale xlarge post-187 thegem_qf_item type-thegem_qf_item status-publish has-post-thumbnail\" data-ll-item-delay=\"0\"> <div class=\"quickfinder-item-image\"> <div class=\"quickfinder-item-image-content\" > <div class=\"quickfinder-item-image-wrapper quickfinder-item-picture quickfinder-item-image-shape-circle\"> <img width=\"400\" height=\"400\" src=\"https:\/\/aehg-laplata.org.ar\/nueva\/wp-content\/uploads\/aehg-historia-03-thegem-person.jpg\" class=\" quickfinder-img-size-xlarge wp-post-image\" alt=\"aehg-historia-03\" srcset=\"https:\/\/aehg-laplata.org.ar\/nueva\/wp-content\/uploads\/aehg-historia-03-thegem-person-240.jpg 1x, https:\/\/aehg-laplata.org.ar\/nueva\/wp-content\/uploads\/aehg-historia-03-thegem-person.jpg 2x\" sizes=\"100vw\" loading=\"lazy\" \/> <\/div> <\/div> <\/div> <div class=\"quickfinder-item-info-wrapper\" style=\"min-height: 320px;\"> <div class=\"connector\" style=\"border-color: #b6c6c9; left: -122px;\"> <\/div> <div class=\"quickfinder-item-info \" > <div style=\"display: block; min-height: 50px;\"> <div class=\"quickfinder-item-title\" >1998 &#8211; Fundamos el Instituto \u00c1ngel Salvadori<\/div> <div class=\"quickfinder-item-text\" >Cumpliendo con el objetivo de promover la capacitaci\u00f3n, el 24 de noviembre de 1998 fundamos la Escuela Superior de Hoteler\u00eda, Gastronom\u00eda y Turismo, y el Instituto Superior de Hoteler\u00eda, Gastronom\u00eda y Turismo \u00c1ngel Salvadori, que cual dicta carreras terciarias con t\u00edtulos oficiales. Se realiz\u00f3 durante la presidencia del se\u00f1or Mario Nolberto Aguilar.<\/div> <\/div> <\/div> <\/div> <\/div>\n<div id=\"post-204\" class=\"quickfinder-item odd quickfinder-item-effect-image-scale xlarge post-204 thegem_qf_item type-thegem_qf_item status-publish has-post-thumbnail\" data-ll-item-delay=\"0\"> <div class=\"quickfinder-item-image\"> <div class=\"quickfinder-item-image-content\" > <div class=\"quickfinder-item-image-wrapper quickfinder-item-picture quickfinder-item-image-shape-circle\"> <img width=\"400\" height=\"400\" src=\"https:\/\/aehg-laplata.org.ar\/nueva\/wp-content\/uploads\/aehg-revista-77-thegem-person.jpg\" class=\" quickfinder-img-size-xlarge wp-post-image\" alt=\"aehg-revista-77\" srcset=\"https:\/\/aehg-laplata.org.ar\/nueva\/wp-content\/uploads\/aehg-revista-77-thegem-person-240.jpg 1x, https:\/\/aehg-laplata.org.ar\/nueva\/wp-content\/uploads\/aehg-revista-77-thegem-person.jpg 2x\" sizes=\"100vw\" loading=\"lazy\" \/> <\/div> <\/div> <\/div> <div class=\"quickfinder-item-info-wrapper\" style=\"min-height: 320px;\"> <div class=\"connector\" style=\"border-color: #b6c6c9; left: -122px;\"> <\/div> <div class=\"quickfinder-item-info \" > <div style=\"display: block; min-height: 50px;\"> <div class=\"quickfinder-item-title\" >2003 &#8211; Editamos la revista &#8220;La Industria de la Hospitalidad&#8221;<\/div> <div class=\"quickfinder-item-text\" >Desde entonces, la revista se edita trimestralmente impresa en papel y tambi\u00e9n en formato digital. \"La industria de la hospitalidad\" refleja la vida institucional de nuestra organizaci\u00f3n y el acontecer del sector tur\u00edstico desde La Plata. Contiene notas de inter\u00e9s general que ayudan a tener un panorama de las tendencias y problem\u00e1tica del turismo, la gastronom\u00eda y la hoteler\u00eda. Es tambi\u00e9n un reflejo de los resultados que se generan desde la actividad del Instituto \u00c1ngel Salvadori.<\/div> <\/div> <\/div> <\/div> <\/div>\n<div id=\"post-196\" class=\"quickfinder-item even quickfinder-item-effect-image-scale xlarge post-196 thegem_qf_item type-thegem_qf_item status-publish has-post-thumbnail\" data-ll-item-delay=\"0\"> <div class=\"quickfinder-item-image\"> <div class=\"quickfinder-item-image-content\" > <div class=\"quickfinder-item-image-wrapper quickfinder-item-picture quickfinder-item-image-shape-circle\"> <img width=\"400\" height=\"400\" src=\"https:\/\/aehg-laplata.org.ar\/nueva\/wp-content\/uploads\/aehg-historia-05-thegem-person.jpg\" class=\" quickfinder-img-size-xlarge wp-post-image\" alt=\"aehg-historia-05\" srcset=\"https:\/\/aehg-laplata.org.ar\/nueva\/wp-content\/uploads\/aehg-historia-05-thegem-person-240.jpg 1x, https:\/\/aehg-laplata.org.ar\/nueva\/wp-content\/uploads\/aehg-historia-05-thegem-person.jpg 2x\" sizes=\"100vw\" loading=\"lazy\" \/> <\/div> <\/div> <\/div> <div class=\"quickfinder-item-info-wrapper\" style=\"min-height: 320px;\"> <div class=\"connector\" style=\"border-color: #b6c6c9; left: -122px;\"> <\/div> <div class=\"quickfinder-item-info \" > <div style=\"display: block; min-height: 50px;\"> <div class=\"quickfinder-item-title\" >2009 &#8211; Fundaci\u00f3n de la Asociaci\u00f3n Iberoamericana<\/div> <div class=\"quickfinder-item-text\" >Impulsamos la formaci\u00f3n de la Asociaci\u00f3n Iberoamericana de Institutos Educativos de Hoteler\u00eda, Gastronom\u00eda y Turismo, con el objetivo de fomentar el intercambio entre los alumnos para favorecer el desarrollo profesional y cultural.<br \/>\nFundada el 27 de agosto de 2009, tiene por objeto impulsar el desarrollo y la uniformidad reguladora de la actividad hotelera, gastron\u00f3mica, pastelera y tur\u00edstica en el \u00e1mbito iberoamericano, coordinando su labor con otros organismos regionales e internacionales sean privados, oficiales o dependientes de las Naciones Unidas.<\/div> <\/div> <\/div> <\/div> <\/div>\n<div id=\"post-200\" class=\"quickfinder-item odd quickfinder-item-effect-image-scale xlarge post-200 thegem_qf_item type-thegem_qf_item status-publish has-post-thumbnail\" data-ll-item-delay=\"0\"> <div class=\"quickfinder-item-image\"> <div class=\"quickfinder-item-image-content\" > <div class=\"quickfinder-item-image-wrapper quickfinder-item-picture quickfinder-item-image-shape-circle\"> <img width=\"400\" height=\"400\" src=\"https:\/\/aehg-laplata.org.ar\/nueva\/wp-content\/uploads\/aehg-historia-10-thegem-person.jpg\" class=\" quickfinder-img-size-xlarge wp-post-image\" alt=\"aehg-historia-10\" srcset=\"https:\/\/aehg-laplata.org.ar\/nueva\/wp-content\/uploads\/aehg-historia-10-thegem-person-240.jpg 1x, https:\/\/aehg-laplata.org.ar\/nueva\/wp-content\/uploads\/aehg-historia-10-thegem-person.jpg 2x\" sizes=\"100vw\" loading=\"lazy\" \/> <\/div> <\/div> <\/div> <div class=\"quickfinder-item-info-wrapper\" style=\"min-height: 320px;\"> <div class=\"connector\" style=\"border-color: #b6c6c9; left: -122px;\"> <\/div> <div class=\"quickfinder-item-info \" > <div style=\"display: block; min-height: 50px;\"> <div class=\"quickfinder-item-title\" >2014 &#8211; Ampliamos nuestra sede en La Plata<\/div> <div class=\"quickfinder-item-text\" >Inauguramos la ampliaci\u00f3n del edificio, con una cocina especializada para gastronom\u00eda y otra para pasteler\u00eda, garantizando a los alumnos las herramientas necesarias para realizar todas las clases pr\u00e1cticas y trabajar en grupos reducidos para una mejor aplicaci\u00f3n de las t\u00e9cnicas y conocimientos.<br \/>\nTambi\u00e9n incorporamos un un aula te\u00f3rica, almac\u00e9n y sala de profesores para el sector Gastronom\u00eda, y un aula de pr\u00e1cticas para las carreras de Hoteler\u00eda, Turismo y Gu\u00eda.<br \/>\nTodas las obras se realizaron respetando las normas de seguridad e higiene.<\/div> <\/div> <\/div> <\/div> <\/div>\n<\/div>[\/vc_column][\/vc_row]<\/p>\n","protected":false},"excerpt":{"rendered":"<p>[vc_row full_width=&#8221;stretch_row&#8221; css=&#8221;.vc_custom_1600781837739{background-color: #00205a !important;}&#8221;][vc_column][vc_column_text] Historia [\/vc_column_text][\/vc_column][\/vc_row][vc_row full_width=&#8221;stretch_row_content_no_spaces&#8221; equal_height=&#8221;yes&#8221; content_placement=&#8221;middle&#8221; css=&#8221;.vc_custom_1601744755443{margin-top: 20px !important;margin-bottom: 0px !important;padding-bottom: 0px !important;background-color: #f0f3f2 !important;}&#8221;][vc_column width=&#8221;1\/2&#8243;&#8230;<\/p>\n","protected":false},"author":1,"featured_media":0,"parent":0,"menu_order":0,"comment_status":"closed","ping_status":"closed","template":"","meta":[],"yoast_head":"<!-- This site is optimized with the Yoast SEO plugin v17.2.1 - https:\/\/yoast.com\/wordpress\/plugins\/seo\/ -->\n<title>Historia - AEHG La Plata<\/title>\n<meta name=\"robots\" content=\"index, follow, max-snippet:-1, max-image-preview:large, max-video-preview:-1\" \/>\n<link rel=\"canonical\" href=\"https:\/\/aehg-laplata.org.ar\/nueva\/historia\/\" \/>\n<meta property=\"og:locale\" content=\"es_ES\" \/>\n<meta property=\"og:type\" content=\"article\" \/>\n<meta property=\"og:title\" content=\"Historia - AEHG La Plata\" \/>\n<meta property=\"og:description\" content=\"[vc_row full_width=&#8221;stretch_row&#8221; css=&#8221;.vc_custom_1600781837739{background-color: #00205a !important;}&#8221;][vc_column][vc_column_text] Historia [\/vc_column_text][\/vc_column][\/vc_row][vc_row full_width=&#8221;stretch_row_content_no_spaces&#8221; equal_height=&#8221;yes&#8221; content_placement=&#8221;middle&#8221; css=&#8221;.vc_custom_1601744755443{margin-top: 20px !important;margin-bottom: 0px !important;padding-bottom: 0px !important;background-color: #f0f3f2 !important;}&#8221;][vc_column width=&#8221;1\/2&#8243;...\" \/>\n<meta property=\"og:url\" content=\"https:\/\/aehg-laplata.org.ar\/nueva\/historia\/\" \/>\n<meta property=\"og:site_name\" content=\"AEHG La Plata\" \/>\n<meta property=\"article:publisher\" content=\"https:\/\/www.facebook.com\/AehgLaPlataOK\/\" \/>\n<meta property=\"article:modified_time\" content=\"2021-04-12T23:36:24+00:00\" \/>\n<meta name=\"twitter:card\" content=\"summary_large_image\" \/>\n<meta name=\"twitter:label1\" content=\"Tiempo de lectura\" \/>\n\t<meta name=\"twitter:data1\" content=\"1 minuto\" \/>\n<script type=\"application\/ld+json\" class=\"yoast-schema-graph\">{\"@context\":\"https:\/\/schema.org\",\"@graph\":[{\"@type\":\"WebSite\",\"@id\":\"https:\/\/aehg-laplata.org.ar\/nueva\/#website\",\"url\":\"https:\/\/aehg-laplata.org.ar\/nueva\/\",\"name\":\"AEHG La Plata\",\"description\":\"\",\"potentialAction\":[{\"@type\":\"SearchAction\",\"target\":{\"@type\":\"EntryPoint\",\"urlTemplate\":\"https:\/\/aehg-laplata.org.ar\/nueva\/?s={search_term_string}\"},\"query-input\":\"required name=search_term_string\"}],\"inLanguage\":\"es-AR\"},{\"@type\":\"WebPage\",\"@id\":\"https:\/\/aehg-laplata.org.ar\/nueva\/historia\/#webpage\",\"url\":\"https:\/\/aehg-laplata.org.ar\/nueva\/historia\/\",\"name\":\"Historia - AEHG La Plata\",\"isPartOf\":{\"@id\":\"https:\/\/aehg-laplata.org.ar\/nueva\/#website\"},\"datePublished\":\"2020-10-03T13:32:26+00:00\",\"dateModified\":\"2021-04-12T23:36:24+00:00\",\"breadcrumb\":{\"@id\":\"https:\/\/aehg-laplata.org.ar\/nueva\/historia\/#breadcrumb\"},\"inLanguage\":\"es-AR\",\"potentialAction\":[{\"@type\":\"ReadAction\",\"target\":[\"https:\/\/aehg-laplata.org.ar\/nueva\/historia\/\"]}]},{\"@type\":\"BreadcrumbList\",\"@id\":\"https:\/\/aehg-laplata.org.ar\/nueva\/historia\/#breadcrumb\",\"itemListElement\":[{\"@type\":\"ListItem\",\"position\":1,\"name\":\"Inicio\",\"item\":\"https:\/\/aehg-laplata.org.ar\/nueva\/\"},{\"@type\":\"ListItem\",\"position\":2,\"name\":\"Historia\"}]}]}<\/script>\n<!-- \/ Yoast SEO plugin. -->","yoast_head_json":{"title":"Historia - AEHG La Plata","robots":{"index":"index","follow":"follow","max-snippet":"max-snippet:-1","max-image-preview":"max-image-preview:large","max-video-preview":"max-video-preview:-1"},"canonical":"https:\/\/aehg-laplata.org.ar\/nueva\/historia\/","og_locale":"es_ES","og_type":"article","og_title":"Historia - AEHG La Plata","og_description":"[vc_row full_width=&#8221;stretch_row&#8221; css=&#8221;.vc_custom_1600781837739{background-color: #00205a !important;}&#8221;][vc_column][vc_column_text] Historia [\/vc_column_text][\/vc_column][\/vc_row][vc_row full_width=&#8221;stretch_row_content_no_spaces&#8221; equal_height=&#8221;yes&#8221; content_placement=&#8221;middle&#8221; css=&#8221;.vc_custom_1601744755443{margin-top: 20px !important;margin-bottom: 0px !important;padding-bottom: 0px !important;background-color: #f0f3f2 !important;}&#8221;][vc_column width=&#8221;1\/2&#8243;...","og_url":"https:\/\/aehg-laplata.org.ar\/nueva\/historia\/","og_site_name":"AEHG La Plata","article_publisher":"https:\/\/www.facebook.com\/AehgLaPlataOK\/","article_modified_time":"2021-04-12T23:36:24+00:00","twitter_card":"summary_large_image","twitter_misc":{"Tiempo de lectura":"1 minuto"},"schema":{"@context":"https:\/\/schema.org","@graph":[{"@type":"WebSite","@id":"https:\/\/aehg-laplata.org.ar\/nueva\/#website","url":"https:\/\/aehg-laplata.org.ar\/nueva\/","name":"AEHG La Plata","description":"","potentialAction":[{"@type":"SearchAction","target":{"@type":"EntryPoint","urlTemplate":"https:\/\/aehg-laplata.org.ar\/nueva\/?s={search_term_string}"},"query-input":"required name=search_term_string"}],"inLanguage":"es-AR"},{"@type":"WebPage","@id":"https:\/\/aehg-laplata.org.ar\/nueva\/historia\/#webpage","url":"https:\/\/aehg-laplata.org.ar\/nueva\/historia\/","name":"Historia - AEHG La Plata","isPartOf":{"@id":"https:\/\/aehg-laplata.org.ar\/nueva\/#website"},"datePublished":"2020-10-03T13:32:26+00:00","dateModified":"2021-04-12T23:36:24+00:00","breadcrumb":{"@id":"https:\/\/aehg-laplata.org.ar\/nueva\/historia\/#breadcrumb"},"inLanguage":"es-AR","potentialAction":[{"@type":"ReadAction","target":["https:\/\/aehg-laplata.org.ar\/nueva\/historia\/"]}]},{"@type":"BreadcrumbList","@id":"https:\/\/aehg-laplata.org.ar\/nueva\/historia\/#breadcrumb","itemListElement":[{"@type":"ListItem","position":1,"name":"Inicio","item":"https:\/\/aehg-laplata.org.ar\/nueva\/"},{"@type":"ListItem","position":2,"name":"Historia"}]}]}},"_links":{"self":[{"href":"https:\/\/aehg-laplata.org.ar\/nueva\/wp-json\/wp\/v2\/pages\/174"}],"collection":[{"href":"https:\/\/aehg-laplata.org.ar\/nueva\/wp-json\/wp\/v2\/pages"}],"about":[{"href":"https:\/\/aehg-laplata.org.ar\/nueva\/wp-json\/wp\/v2\/types\/page"}],"author":[{"embeddable":true,"href":"https:\/\/aehg-laplata.org.ar\/nueva\/wp-json\/wp\/v2\/users\/1"}],"replies":[{"embeddable":true,"href":"https:\/\/aehg-laplata.org.ar\/nueva\/wp-json\/wp\/v2\/comments?post=174"}],"version-history":[{"count":21,"href":"https:\/\/aehg-laplata.org.ar\/nueva\/wp-json\/wp\/v2\/pages\/174\/revisions"}],"predecessor-version":[{"id":932,"href":"https:\/\/aehg-laplata.org.ar\/nueva\/wp-json\/wp\/v2\/pages\/174\/revisions\/932"}],"wp:attachment":[{"href":"https:\/\/aehg-laplata.org.ar\/nueva\/wp-json\/wp\/v2\/media?parent=174"}],"curies":[{"name":"wp","href":"https:\/\/api.w.org\/{rel}","templated":true}]}}